{"id":4438,"date":"2024-09-16T00:31:40","date_gmt":"2024-09-15T22:31:40","guid":{"rendered":"https:\/\/www.galadrielgestin.com\/?post_type=product&#038;p=4438"},"modified":"2024-09-16T00:31:40","modified_gmt":"2024-09-15T22:31:40","slug":"2067-meduse-et-le-teste-de-turing-je-suis-reduit-au-silence-par-la-lumiere-les-emotions-si-difficiles-a-canaliser-modele-abiaacrylique-sur-toile80cm-60cm","status":"publish","type":"product","link":"https:\/\/www.galadrielgestin.com\/en\/product\/2067-meduse-et-le-teste-de-turing-je-suis-reduit-au-silence-par-la-lumiere-les-emotions-si-difficiles-a-canaliser-modele-abiaacrylique-sur-toile80cm-60cm\/","title":{"rendered":"2067- M\u00e9duse et le teste de Turing  + Je suis r\u00e9duit au silence par la lumi\u00e8re  + Les \u00e9motions si difficiles \u00e0 canaliser (mod\u00e8le Abia(acrylique sur toile(80cm.60cm))"},"content":{"rendered":"","protected":false},"excerpt":{"rendered":"","protected":false},"featured_media":4439,"template":"","meta":[],"product_cat":[41],"product_tag":[],"class_list":["post-4438","product","type-product","status-publish","has-post-thumbnail","hentry","product_cat-non-classe"],"acf":[],"_links":{"self":[{"href":"https:\/\/www.galadrielgestin.com\/en\/wp-json\/wp\/v2\/product\/4438","targetHints":{"allow":["GET"]}}],"collection":[{"href":"https:\/\/www.galadrielgestin.com\/en\/wp-json\/wp\/v2\/product"}],"about":[{"href":"https:\/\/www.galadrielgestin.com\/en\/wp-json\/wp\/v2\/types\/product"}],"wp:featuredmedia":[{"embeddable":true,"href":"https:\/\/www.galadrielgestin.com\/en\/wp-json\/wp\/v2\/media\/4439"}],"wp:attachment":[{"href":"https:\/\/www.galadrielgestin.com\/en\/wp-json\/wp\/v2\/media?parent=4438"}],"wp:term":[{"taxonomy":"product_cat","embeddable":true,"href":"https:\/\/www.galadrielgestin.com\/en\/wp-json\/wp\/v2\/product_cat?post=4438"},{"taxonomy":"product_tag","embeddable":true,"href":"https:\/\/www.galadrielgestin.com\/en\/wp-json\/wp\/v2\/product_tag?post=4438"}],"curies":[{"name":"wp","href":"https:\/\/api.w.org\/{rel}","templated":true}]}}