{"id":4434,"date":"2024-09-16T00:24:47","date_gmt":"2024-09-15T22:24:47","guid":{"rendered":"https:\/\/www.galadrielgestin.com\/?post_type=product&#038;p=4434"},"modified":"2024-09-16T00:24:47","modified_gmt":"2024-09-15T22:24:47","slug":"2066-senivrer-de-licoeur-de-coquelicots-imaginaire-sur-des-champs-de-robes-de-soie-rouge-des-pensees-et-des-sourires-voix-4-qui-est-responsable-du-titre-de-la-toile-daujourdhui-voix","status":"publish","type":"product","link":"https:\/\/www.galadrielgestin.com\/en\/product\/2066-senivrer-de-licoeur-de-coquelicots-imaginaire-sur-des-champs-de-robes-de-soie-rouge-des-pensees-et-des-sourires-voix-4-qui-est-responsable-du-titre-de-la-toile-daujourdhui-voix\/","title":{"rendered":"2066- S&rsquo;enivrer de lic\u0153ur de coquelicots imaginaire sur des champs de robes de soie rouge  + Des pens\u00e9es et des sourires + Voix 4:\u00a0\u00bb Qui est responsable du titre de la toile d&rsquo;aujourd&rsquo;hui?\u00a0\u00bb  Voix 13:\u00a0\u00bb C&rsquo;est moi!\u00a0\u00bb  Voix 4: \u00ab\u00a0Bah&#8230;la toile est finie depuis une heure, qu&rsquo;est ce qui se passe? Manque d&rsquo;inspiration?\u00a0\u00bb  Voix 13: \u00ab\u00a0Non non, c&rsquo;est pas \u00e7a. J&rsquo;ai plein d&rsquo;id\u00e9es, peut-\u00eatre trop d&rsquo;ailleurs.\u00a0\u00bb  Voix 4:\u00a0\u00bb Donc c&rsquo;est quoi le probl\u00e8me alors?\u00a0\u00bb  Voix 13:\u00a0\u00bb En fait, je&#8230;je me sens observ\u00e9..\u00a0\u00bb (Mod\u00e8le Marjolaine(acrylique sur toile(40cm.30cm))"},"content":{"rendered":"","protected":false},"excerpt":{"rendered":"","protected":false},"featured_media":4435,"template":"","meta":[],"product_cat":[41],"product_tag":[],"class_list":["post-4434","product","type-product","status-publish","has-post-thumbnail","hentry","product_cat-non-classe"],"acf":[],"_links":{"self":[{"href":"https:\/\/www.galadrielgestin.com\/en\/wp-json\/wp\/v2\/product\/4434","targetHints":{"allow":["GET"]}}],"collection":[{"href":"https:\/\/www.galadrielgestin.com\/en\/wp-json\/wp\/v2\/product"}],"about":[{"href":"https:\/\/www.galadrielgestin.com\/en\/wp-json\/wp\/v2\/types\/product"}],"wp:featuredmedia":[{"embeddable":true,"href":"https:\/\/www.galadrielgestin.com\/en\/wp-json\/wp\/v2\/media\/4435"}],"wp:attachment":[{"href":"https:\/\/www.galadrielgestin.com\/en\/wp-json\/wp\/v2\/media?parent=4434"}],"wp:term":[{"taxonomy":"product_cat","embeddable":true,"href":"https:\/\/www.galadrielgestin.com\/en\/wp-json\/wp\/v2\/product_cat?post=4434"},{"taxonomy":"product_tag","embeddable":true,"href":"https:\/\/www.galadrielgestin.com\/en\/wp-json\/wp\/v2\/product_tag?post=4434"}],"curies":[{"name":"wp","href":"https:\/\/api.w.org\/{rel}","templated":true}]}}