{"id":4428,"date":"2024-09-16T00:17:11","date_gmt":"2024-09-15T22:17:11","guid":{"rendered":"https:\/\/www.galadrielgestin.com\/?post_type=product&#038;p=4428"},"modified":"2024-09-16T00:17:11","modified_gmt":"2024-09-15T22:17:11","slug":"2063-i-cant-get-my-eyes-off-you-je-mhabillerais-en-soubrette-juste-pour-sentir-ta-langue-contre-la-mienne-sentir-le-gout-des-vraies-choses-et-peindre-les-choses-vraies-voix-2-bon-ok","status":"publish","type":"product","link":"https:\/\/www.galadrielgestin.com\/en\/product\/2063-i-cant-get-my-eyes-off-you-je-mhabillerais-en-soubrette-juste-pour-sentir-ta-langue-contre-la-mienne-sentir-le-gout-des-vraies-choses-et-peindre-les-choses-vraies-voix-2-bon-ok\/","title":{"rendered":"2063- I can&rsquo;t get my eyes off you  + Je m&rsquo;habillerais en soubrette juste pour sentir ta langue contre la mienne + Sentir le go\u00fbt des vraies choses et peindre les choses vraies +  Voix 2:\u00a0\u00bb Bon, ok. C&rsquo;est parti pour le check up matinal. L&rsquo;esprit?\u00a0\u00bb  Voix 12:\u00a0\u00bb De ce cot\u00e9 tous les voyants sont au vert et il a bien dormi.\u00a0\u00bb  Voix 2:\u00a0\u00bbCool! Le corps?\u00a0\u00bb  Voix 33:\u00a0\u00bb RAS. La douleur dans l&rsquo;\u00e9paule gauche \u00e0 disparu avec les \u00e9tirements comme je l&rsquo;avais pr\u00e9vu.\u00a0\u00bb Voix 2:\u00a0\u00bb Oui oui tr\u00e8s bien&#8230;Le c\u0153ur?\u00a0\u00bb Voix 17:\u00a0\u00bb Heu bah c&rsquo;est toujours un peu le bordel, mais rien de bien grave. C&rsquo;est juste que d&rsquo;apr\u00e8s mon moniteur il a l&rsquo;air un peu&#8230;comment dire?&#8230;heu&#8230;bloqu\u00e9.\u00a0\u00bb  Voix 19:\u00a0\u00bb Non mais c&rsquo;est pas vrai, on sait tous ce qu&rsquo;il faut faire!\u00a0\u00bb  Voix 2:\u00a0\u00bb Greffier, ne tenez pas compte des remarques de 19, il n&rsquo;est pas d&rsquo;astreinte aujourd&rsquo;hui.\u00a0\u00bb  Voix 19: \u00ab\u00a0Non mais vous plaisantez!! Je ne vais pas rester sans rien faire. Je vais le faire moi-m\u00eame!\u00a0\u00bb  Voix 2: \u00ab\u00a019! L\u00e2che tout de suite ce t\u00e9l\u00e9phone!! On ne sait m\u00eame pas \u00e0 quoi il sert!\u00a0\u00bb  Voix 19: \u00ab\u00a0On ne saura jamais si on essaye pas! Je suis s\u00fbr que ce t\u00e9l\u00e9phone communique avec l&rsquo;ext\u00e9rieur!\u00a0\u00bb  Voix 2: \u00ab\u00a0Notre r\u00f4le est de l&rsquo;inspirer sans qu&rsquo;il s&rsquo;en rende compte! Pas d&rsquo;agir \u00e0 sa place! Et si ta th\u00e9orie est vraie tu vas faire quoi? Hein? Parler \u00e0 quelqu&rsquo;un de l&rsquo;ext\u00e9rieur? Personne n&rsquo;a jamais fait \u00e7a!\u00a0\u00bb  Voix 19: \u00ab\u00a0Il faut une premi\u00e8re \u00e0 tout, non?\u00a0\u00bb  Voix 2: \u00ab\u00a0Arr\u00eatez-le, saisissez-le!!\u00a0\u00bb  Voix 19: \u00ab\u00a0Je fais \u00e7a pour le bien de tous ici&#8230;\u00a0\u00bb  (acrylique sur papier(31cm.22,5cm))"},"content":{"rendered":"","protected":false},"excerpt":{"rendered":"","protected":false},"featured_media":4429,"template":"","meta":[],"product_cat":[41],"product_tag":[],"class_list":["post-4428","product","type-product","status-publish","has-post-thumbnail","hentry","product_cat-non-classe"],"acf":[],"_links":{"self":[{"href":"https:\/\/www.galadrielgestin.com\/en\/wp-json\/wp\/v2\/product\/4428","targetHints":{"allow":["GET"]}}],"collection":[{"href":"https:\/\/www.galadrielgestin.com\/en\/wp-json\/wp\/v2\/product"}],"about":[{"href":"https:\/\/www.galadrielgestin.com\/en\/wp-json\/wp\/v2\/types\/product"}],"wp:featuredmedia":[{"embeddable":true,"href":"https:\/\/www.galadrielgestin.com\/en\/wp-json\/wp\/v2\/media\/4429"}],"wp:attachment":[{"href":"https:\/\/www.galadrielgestin.com\/en\/wp-json\/wp\/v2\/media?parent=4428"}],"wp:term":[{"taxonomy":"product_cat","embeddable":true,"href":"https:\/\/www.galadrielgestin.com\/en\/wp-json\/wp\/v2\/product_cat?post=4428"},{"taxonomy":"product_tag","embeddable":true,"href":"https:\/\/www.galadrielgestin.com\/en\/wp-json\/wp\/v2\/product_tag?post=4428"}],"curies":[{"name":"wp","href":"https:\/\/api.w.org\/{rel}","templated":true}]}}