{"id":4426,"date":"2024-09-16T00:14:43","date_gmt":"2024-09-15T22:14:43","guid":{"rendered":"https:\/\/www.galadrielgestin.com\/?post_type=product&#038;p=4426"},"modified":"2024-09-16T00:14:43","modified_gmt":"2024-09-15T22:14:43","slug":"2062-sur-la-route-utiliser-un-pont-einstein-rosen-pour-passer-les-fils-presque-reelle-voix-12-je-trouve-pas-ca-tres-clair-ou-alors-trop-clair-justement-qui-a-ecrit-le-titre-de-la-toil","status":"publish","type":"product","link":"https:\/\/www.galadrielgestin.com\/en\/product\/2062-sur-la-route-utiliser-un-pont-einstein-rosen-pour-passer-les-fils-presque-reelle-voix-12-je-trouve-pas-ca-tres-clair-ou-alors-trop-clair-justement-qui-a-ecrit-le-titre-de-la-toil\/","title":{"rendered":"2062- Sur la route  + Utiliser un pont Einstein-Rosen pour passer les fils  + Presque r\u00e9elle  + Voix 12:\u00a0\u00bb Je trouve pas \u00e7a tr\u00e8s clair&#8230;ou alors trop clair justement&#8230;Qui a \u00e9crit le titre de la toile d&rsquo;aujourd&rsquo;hui?\u00a0\u00bb Voix 13:\u00a0\u00bb Bah c&rsquo;est toi Ducon! T&rsquo;es m\u00eame en train de le faire mainte&#8230; S\u00e9rieux, arr\u00eate d&rsquo;\u00e9crire tout ce que je dis. Putain arr\u00eate je te dis!  Voix 12:\u00a0\u00bbJe peux pas m&rsquo;arr\u00eater. N&#8217;emp\u00eache, \u00e7a change rien, je ne comprends pas le titre. Qu&rsquo;est ce que j&rsquo;ai voulu dire par l\u00e0?\u00a0\u00bb  Voix 13:\u00a0\u00bb Bah c&rsquo;est simple, ce jour-l\u00e0 tu la&#8230;Putain, tu recommences \u00e0 \u00e9crire tout ce que je dis. Arr\u00eate! ARRETE!\u00a0\u00bb PAF!  Voix 12:\u00a0\u00bbA\u00eee&#8230;\u00a0\u00bb  (Mod\u00e8le Marjolaine(acrylique sur papier(31cm.22,5cm)"},"content":{"rendered":"","protected":false},"excerpt":{"rendered":"","protected":false},"featured_media":4427,"template":"","meta":[],"product_cat":[41],"product_tag":[],"class_list":["post-4426","product","type-product","status-publish","has-post-thumbnail","hentry","product_cat-non-classe"],"acf":[],"_links":{"self":[{"href":"https:\/\/www.galadrielgestin.com\/en\/wp-json\/wp\/v2\/product\/4426","targetHints":{"allow":["GET"]}}],"collection":[{"href":"https:\/\/www.galadrielgestin.com\/en\/wp-json\/wp\/v2\/product"}],"about":[{"href":"https:\/\/www.galadrielgestin.com\/en\/wp-json\/wp\/v2\/types\/product"}],"wp:featuredmedia":[{"embeddable":true,"href":"https:\/\/www.galadrielgestin.com\/en\/wp-json\/wp\/v2\/media\/4427"}],"wp:attachment":[{"href":"https:\/\/www.galadrielgestin.com\/en\/wp-json\/wp\/v2\/media?parent=4426"}],"wp:term":[{"taxonomy":"product_cat","embeddable":true,"href":"https:\/\/www.galadrielgestin.com\/en\/wp-json\/wp\/v2\/product_cat?post=4426"},{"taxonomy":"product_tag","embeddable":true,"href":"https:\/\/www.galadrielgestin.com\/en\/wp-json\/wp\/v2\/product_tag?post=4426"}],"curies":[{"name":"wp","href":"https:\/\/api.w.org\/{rel}","templated":true}]}}