{"id":4424,"date":"2024-09-16T00:12:35","date_gmt":"2024-09-15T22:12:35","guid":{"rendered":"https:\/\/www.galadrielgestin.com\/?post_type=product&#038;p=4424"},"modified":"2024-09-16T00:12:35","modified_gmt":"2024-09-15T22:12:35","slug":"2061-le-nouvel-organe-pousse-sur-le-coeur-electrique-celles-que-je-repousse-et-celle-qui-file-entre-mes-doigts-comme-de-la-fumee-voix-4-il-se-rend-compte-que-cest-de-sa-faute-voix-19","status":"publish","type":"product","link":"https:\/\/www.galadrielgestin.com\/en\/product\/2061-le-nouvel-organe-pousse-sur-le-coeur-electrique-celles-que-je-repousse-et-celle-qui-file-entre-mes-doigts-comme-de-la-fumee-voix-4-il-se-rend-compte-que-cest-de-sa-faute-voix-19\/","title":{"rendered":"2061- Le nouvel ORgane pousse sur le c\u0153ur \u00e9lectrique + Celles que je repousse et celle qui file entre mes doigts comme  de la fum\u00e9e  + Voix 4:\u00a0\u00bb Il se rend compte que c&rsquo;est de sa faute?\u00a0\u00bb  Voix 19:\u00a0\u00bbHein?\u00a0\u00bb  Voix 4:\u00a0\u00bb Il se rend compte que c&rsquo;est de sa faute? Je veux dire&#8230;.s&rsquo;il ne fait rien il ne se passe rien&#8230;c&rsquo;est \u00e9vident, non?\u00a0\u00bb  Voix 19:\u00a0\u00bb Je suis d&rsquo;accord, mais c&rsquo;est nous au commande, il faudrait que Voix 13 ou Voix 27 soient l\u00e0 \u00e0 notre place.\u00a0\u00bb  Voix 4:\u00a0\u00bb Bah pourquoi?\u00a0\u00bb  Voix 19:\u00a0\u00bb Le premier est le plus cr\u00e9atif de nous tous et le deuxi\u00e8me est compl\u00e8tement dingue&#8230;\u00e0 eux deux c&rsquo;est s\u00fbr qu&rsquo;il saute le pas.\u00a0\u00bb  Voix 4:\u00a0\u00bb Ok, et ils sont o\u00f9?\u00a0\u00bb Voix 19:\u00a0\u00bb A peindre, toujours \u00e0 peindre. Parfois la peinture \u00e0 l&rsquo;air plus r\u00e9elle que le reste.\u00a0\u00bb  (acrylique sur papier(31cm.22,(cm))"},"content":{"rendered":"","protected":false},"excerpt":{"rendered":"","protected":false},"featured_media":4425,"template":"","meta":[],"product_cat":[41],"product_tag":[],"class_list":["post-4424","product","type-product","status-publish","has-post-thumbnail","hentry","product_cat-non-classe"],"acf":[],"_links":{"self":[{"href":"https:\/\/www.galadrielgestin.com\/en\/wp-json\/wp\/v2\/product\/4424","targetHints":{"allow":["GET"]}}],"collection":[{"href":"https:\/\/www.galadrielgestin.com\/en\/wp-json\/wp\/v2\/product"}],"about":[{"href":"https:\/\/www.galadrielgestin.com\/en\/wp-json\/wp\/v2\/types\/product"}],"wp:featuredmedia":[{"embeddable":true,"href":"https:\/\/www.galadrielgestin.com\/en\/wp-json\/wp\/v2\/media\/4425"}],"wp:attachment":[{"href":"https:\/\/www.galadrielgestin.com\/en\/wp-json\/wp\/v2\/media?parent=4424"}],"wp:term":[{"taxonomy":"product_cat","embeddable":true,"href":"https:\/\/www.galadrielgestin.com\/en\/wp-json\/wp\/v2\/product_cat?post=4424"},{"taxonomy":"product_tag","embeddable":true,"href":"https:\/\/www.galadrielgestin.com\/en\/wp-json\/wp\/v2\/product_tag?post=4424"}],"curies":[{"name":"wp","href":"https:\/\/api.w.org\/{rel}","templated":true}]}}