{"id":4422,"date":"2024-09-16T00:07:44","date_gmt":"2024-09-15T22:07:44","guid":{"rendered":"https:\/\/www.galadrielgestin.com\/?post_type=product&#038;p=4422"},"modified":"2024-09-16T00:07:44","modified_gmt":"2024-09-15T22:07:44","slug":"2060-des-gens-partout-des-bouches-partout-je-ne-comprends-rien-mais-dans-cette-bouillie-de-paroles-ou-les-mots-degoulinent-et-collent-aux-doigts-jai-eu-limpression-quelques-secondes-que-toi-et","status":"publish","type":"product","link":"https:\/\/www.galadrielgestin.com\/en\/product\/2060-des-gens-partout-des-bouches-partout-je-ne-comprends-rien-mais-dans-cette-bouillie-de-paroles-ou-les-mots-degoulinent-et-collent-aux-doigts-jai-eu-limpression-quelques-secondes-que-toi-et\/","title":{"rendered":"2060- Des gens partout. Des bouches partout. Je ne comprends rien. Mais dans cette bouillie de paroles o\u00f9 les mots d\u00e9goulinent et collent aux doigts j&rsquo;ai eu l&rsquo;impression quelques secondes que toi et moi nous parlions la m\u00eame langue (extrait du po\u00e8me \u00ab\u00a0Langues\u00a0\u00bb(acrylique sur papier(31cm.22,5cm))"},"content":{"rendered":"","protected":false},"excerpt":{"rendered":"","protected":false},"featured_media":4423,"template":"","meta":[],"product_cat":[41],"product_tag":[],"class_list":["post-4422","product","type-product","status-publish","has-post-thumbnail","hentry","product_cat-non-classe"],"acf":[],"_links":{"self":[{"href":"https:\/\/www.galadrielgestin.com\/en\/wp-json\/wp\/v2\/product\/4422","targetHints":{"allow":["GET"]}}],"collection":[{"href":"https:\/\/www.galadrielgestin.com\/en\/wp-json\/wp\/v2\/product"}],"about":[{"href":"https:\/\/www.galadrielgestin.com\/en\/wp-json\/wp\/v2\/types\/product"}],"wp:featuredmedia":[{"embeddable":true,"href":"https:\/\/www.galadrielgestin.com\/en\/wp-json\/wp\/v2\/media\/4423"}],"wp:attachment":[{"href":"https:\/\/www.galadrielgestin.com\/en\/wp-json\/wp\/v2\/media?parent=4422"}],"wp:term":[{"taxonomy":"product_cat","embeddable":true,"href":"https:\/\/www.galadrielgestin.com\/en\/wp-json\/wp\/v2\/product_cat?post=4422"},{"taxonomy":"product_tag","embeddable":true,"href":"https:\/\/www.galadrielgestin.com\/en\/wp-json\/wp\/v2\/product_tag?post=4422"}],"curies":[{"name":"wp","href":"https:\/\/api.w.org\/{rel}","templated":true}]}}