{"id":4420,"date":"2024-09-16T00:04:58","date_gmt":"2024-09-15T22:04:58","guid":{"rendered":"https:\/\/www.galadrielgestin.com\/?post_type=product&#038;p=4420"},"modified":"2024-09-16T00:04:58","modified_gmt":"2024-09-15T22:04:58","slug":"2059-mes-fleurs-du-mal-un-leger-gout-de-futur-sur-la-langue-la-choregraphie-des-mains-aveugles-acrylique-et-crayon-sur-papier31cm-225cm","status":"publish","type":"product","link":"https:\/\/www.galadrielgestin.com\/en\/product\/2059-mes-fleurs-du-mal-un-leger-gout-de-futur-sur-la-langue-la-choregraphie-des-mains-aveugles-acrylique-et-crayon-sur-papier31cm-225cm\/","title":{"rendered":"2059- Mes fleurs du mal  + Un l\u00e9ger go\u00fbt de futur sur la langue  + La chor\u00e9graphie des mains aveugles  (Acrylique et crayon sur papier(31cm.22,5cm)"},"content":{"rendered":"","protected":false},"excerpt":{"rendered":"","protected":false},"featured_media":4421,"template":"","meta":[],"product_cat":[41],"product_tag":[],"class_list":["post-4420","product","type-product","status-publish","has-post-thumbnail","hentry","product_cat-non-classe"],"acf":[],"_links":{"self":[{"href":"https:\/\/www.galadrielgestin.com\/en\/wp-json\/wp\/v2\/product\/4420","targetHints":{"allow":["GET"]}}],"collection":[{"href":"https:\/\/www.galadrielgestin.com\/en\/wp-json\/wp\/v2\/product"}],"about":[{"href":"https:\/\/www.galadrielgestin.com\/en\/wp-json\/wp\/v2\/types\/product"}],"wp:featuredmedia":[{"embeddable":true,"href":"https:\/\/www.galadrielgestin.com\/en\/wp-json\/wp\/v2\/media\/4421"}],"wp:attachment":[{"href":"https:\/\/www.galadrielgestin.com\/en\/wp-json\/wp\/v2\/media?parent=4420"}],"wp:term":[{"taxonomy":"product_cat","embeddable":true,"href":"https:\/\/www.galadrielgestin.com\/en\/wp-json\/wp\/v2\/product_cat?post=4420"},{"taxonomy":"product_tag","embeddable":true,"href":"https:\/\/www.galadrielgestin.com\/en\/wp-json\/wp\/v2\/product_tag?post=4420"}],"curies":[{"name":"wp","href":"https:\/\/api.w.org\/{rel}","templated":true}]}}