{"id":4418,"date":"2024-09-16T00:02:56","date_gmt":"2024-09-15T22:02:56","guid":{"rendered":"https:\/\/www.galadrielgestin.com\/?post_type=product&#038;p=4418"},"modified":"2024-09-16T00:02:57","modified_gmt":"2024-09-15T22:02:57","slug":"2058-les-florgasmes-et-le-coeur-a-tiroirs-faire-voile-sur-un-ocean-deternite-du-coup-je-prends-un-gilet-de-sauvetage-ou-un-gilet-pare-balle-acrylique-sur-toile80cm-60cm","status":"publish","type":"product","link":"https:\/\/www.galadrielgestin.com\/en\/product\/2058-les-florgasmes-et-le-coeur-a-tiroirs-faire-voile-sur-un-ocean-deternite-du-coup-je-prends-un-gilet-de-sauvetage-ou-un-gilet-pare-balle-acrylique-sur-toile80cm-60cm\/","title":{"rendered":"2058- Les Florgasmes et le c\u0153ur \u00e0 tiroirs  + Faire voile sur un oc\u00e9an d&rsquo;\u00e9ternit\u00e9  + Du coup, je prends un gilet de sauvetage ou un gilet pare-balle? (acrylique sur toile(80cm.60cm)"},"content":{"rendered":"","protected":false},"excerpt":{"rendered":"","protected":false},"featured_media":4419,"template":"","meta":[],"product_cat":[41],"product_tag":[],"class_list":["post-4418","product","type-product","status-publish","has-post-thumbnail","hentry","product_cat-non-classe"],"acf":[],"_links":{"self":[{"href":"https:\/\/www.galadrielgestin.com\/en\/wp-json\/wp\/v2\/product\/4418","targetHints":{"allow":["GET"]}}],"collection":[{"href":"https:\/\/www.galadrielgestin.com\/en\/wp-json\/wp\/v2\/product"}],"about":[{"href":"https:\/\/www.galadrielgestin.com\/en\/wp-json\/wp\/v2\/types\/product"}],"wp:featuredmedia":[{"embeddable":true,"href":"https:\/\/www.galadrielgestin.com\/en\/wp-json\/wp\/v2\/media\/4419"}],"wp:attachment":[{"href":"https:\/\/www.galadrielgestin.com\/en\/wp-json\/wp\/v2\/media?parent=4418"}],"wp:term":[{"taxonomy":"product_cat","embeddable":true,"href":"https:\/\/www.galadrielgestin.com\/en\/wp-json\/wp\/v2\/product_cat?post=4418"},{"taxonomy":"product_tag","embeddable":true,"href":"https:\/\/www.galadrielgestin.com\/en\/wp-json\/wp\/v2\/product_tag?post=4418"}],"curies":[{"name":"wp","href":"https:\/\/api.w.org\/{rel}","templated":true}]}}