{"id":4414,"date":"2024-09-15T23:58:29","date_gmt":"2024-09-15T21:58:29","guid":{"rendered":"https:\/\/www.galadrielgestin.com\/?post_type=product&#038;p=4414"},"modified":"2024-09-15T23:58:29","modified_gmt":"2024-09-15T21:58:29","slug":"2056-je-me-suis-perdu-entre-deux-couches-dair-mince-dans-ce-qui-est-desormais-mon-refuge-lodeur-est-florale-et-sonore-moi-qui-ny-connais-rien-ca-sent-entre-les-jonquilles-et-un-sol-majeur-da","status":"publish","type":"product","link":"https:\/\/www.galadrielgestin.com\/en\/product\/2056-je-me-suis-perdu-entre-deux-couches-dair-mince-dans-ce-qui-est-desormais-mon-refuge-lodeur-est-florale-et-sonore-moi-qui-ny-connais-rien-ca-sent-entre-les-jonquilles-et-un-sol-majeur-da\/","title":{"rendered":"2056- Je me suis perdu entre deux couches d&rsquo;air mince. Dans ce qui est d\u00e9sormais mon refuge l&rsquo;odeur est florale et sonore. Moi qui n&rsquo;y connais rien \u00e7a sent entre les jonquilles et un Sol Majeur. Dans ce qui est d\u00e9sormais mon refuge tout semble se mouvoir au ralentit. Le sol avance comme les vagues chassent le sable sous les pieds. Les murs inspirent et expirent et j&rsquo;entends au loin le souffle d&rsquo;une b\u00eate cyclop\u00e9enne endormie.  Je me suis perdu entre deux couches d&rsquo;air mince. Et c&rsquo;est l\u00e0, ici que j&rsquo;attendrais en pr\u00e9parant un pic-nic ph\u00e9nom\u00e9nal, en sonnant des chansons d\u00e9lirantes, en peignant le jour avec les couleurs de la nuit. En attendant, en l&rsquo;attendant  + R\u00eaver de peindre des yeux verts + Celui qui ne comprend rien (mod\u00e8le Marjolaine(acrylique sur papier(31cm.22,(cm)"},"content":{"rendered":"","protected":false},"excerpt":{"rendered":"","protected":false},"featured_media":4415,"template":"","meta":[],"product_cat":[41],"product_tag":[],"class_list":["post-4414","product","type-product","status-publish","has-post-thumbnail","hentry","product_cat-non-classe"],"acf":[],"_links":{"self":[{"href":"https:\/\/www.galadrielgestin.com\/en\/wp-json\/wp\/v2\/product\/4414","targetHints":{"allow":["GET"]}}],"collection":[{"href":"https:\/\/www.galadrielgestin.com\/en\/wp-json\/wp\/v2\/product"}],"about":[{"href":"https:\/\/www.galadrielgestin.com\/en\/wp-json\/wp\/v2\/types\/product"}],"wp:featuredmedia":[{"embeddable":true,"href":"https:\/\/www.galadrielgestin.com\/en\/wp-json\/wp\/v2\/media\/4415"}],"wp:attachment":[{"href":"https:\/\/www.galadrielgestin.com\/en\/wp-json\/wp\/v2\/media?parent=4414"}],"wp:term":[{"taxonomy":"product_cat","embeddable":true,"href":"https:\/\/www.galadrielgestin.com\/en\/wp-json\/wp\/v2\/product_cat?post=4414"},{"taxonomy":"product_tag","embeddable":true,"href":"https:\/\/www.galadrielgestin.com\/en\/wp-json\/wp\/v2\/product_tag?post=4414"}],"curies":[{"name":"wp","href":"https:\/\/api.w.org\/{rel}","templated":true}]}}