{"id":4412,"date":"2024-09-15T23:56:22","date_gmt":"2024-09-15T21:56:22","guid":{"rendered":"https:\/\/www.galadrielgestin.com\/?post_type=product&#038;p=4412"},"modified":"2024-09-15T23:56:22","modified_gmt":"2024-09-15T21:56:22","slug":"2055-les-fenetres-ouvertes-laissent-entrer-la-pluie-dans-ma-chambre-mon-lit-sera-mon-radeau-mes-livres-mes-pagaies-et-je-jaillirai-du-premier-etage-avec-de-lecume-plein-la-barbe-et-le-sourire-a","status":"publish","type":"product","link":"https:\/\/www.galadrielgestin.com\/en\/product\/2055-les-fenetres-ouvertes-laissent-entrer-la-pluie-dans-ma-chambre-mon-lit-sera-mon-radeau-mes-livres-mes-pagaies-et-je-jaillirai-du-premier-etage-avec-de-lecume-plein-la-barbe-et-le-sourire-a\/","title":{"rendered":"2055- Les fen\u00eatres ouvertes laissent entrer la pluie dans ma chambre. Mon lit sera mon radeau. Mes livres mes pagaies. Et je jaillirai  du premier \u00e9tage avec de l&rsquo;\u00e9cume plein la barbe et le sourire au l\u00e8vres (mod\u00e8le Marjolaine(acrylique sur toile(40cm.40cm))"},"content":{"rendered":"","protected":false},"excerpt":{"rendered":"","protected":false},"featured_media":4413,"template":"","meta":[],"product_cat":[41],"product_tag":[],"class_list":["post-4412","product","type-product","status-publish","has-post-thumbnail","hentry","product_cat-non-classe"],"acf":[],"_links":{"self":[{"href":"https:\/\/www.galadrielgestin.com\/en\/wp-json\/wp\/v2\/product\/4412","targetHints":{"allow":["GET"]}}],"collection":[{"href":"https:\/\/www.galadrielgestin.com\/en\/wp-json\/wp\/v2\/product"}],"about":[{"href":"https:\/\/www.galadrielgestin.com\/en\/wp-json\/wp\/v2\/types\/product"}],"wp:featuredmedia":[{"embeddable":true,"href":"https:\/\/www.galadrielgestin.com\/en\/wp-json\/wp\/v2\/media\/4413"}],"wp:attachment":[{"href":"https:\/\/www.galadrielgestin.com\/en\/wp-json\/wp\/v2\/media?parent=4412"}],"wp:term":[{"taxonomy":"product_cat","embeddable":true,"href":"https:\/\/www.galadrielgestin.com\/en\/wp-json\/wp\/v2\/product_cat?post=4412"},{"taxonomy":"product_tag","embeddable":true,"href":"https:\/\/www.galadrielgestin.com\/en\/wp-json\/wp\/v2\/product_tag?post=4412"}],"curies":[{"name":"wp","href":"https:\/\/api.w.org\/{rel}","templated":true}]}}