{"id":4407,"date":"2024-09-15T23:49:56","date_gmt":"2024-09-15T21:49:56","guid":{"rendered":"https:\/\/www.galadrielgestin.com\/?post_type=product&#038;p=4407"},"modified":"2024-09-15T23:49:56","modified_gmt":"2024-09-15T21:49:56","slug":"2053-chaque-jour-un-nouvel-anniversaire-chaque-jour-jaurais-aime-etre-pare-balle-un-coeur-vert-mais-pare-balle-une-partie-de-moi-vient-tout-juste-de-se-reveiller-modele-cecilia-emma-mara","status":"publish","type":"product","link":"https:\/\/www.galadrielgestin.com\/en\/product\/2053-chaque-jour-un-nouvel-anniversaire-chaque-jour-jaurais-aime-etre-pare-balle-un-coeur-vert-mais-pare-balle-une-partie-de-moi-vient-tout-juste-de-se-reveiller-modele-cecilia-emma-mara\/","title":{"rendered":"2053- Chaque jour un nouvel anniversaire, chaque jour&#8230; j&rsquo;aurais aim\u00e9 \u00eatre pare-balle + Un c\u0153ur vert, mais pare-balle + Une partie de moi vient tout juste de se r\u00e9veiller (mod\u00e8le Cecilia Emma Mara(acrylique sur toile(40cm.40cm"},"content":{"rendered":"","protected":false},"excerpt":{"rendered":"","protected":false},"featured_media":4408,"template":"","meta":[],"product_cat":[41],"product_tag":[],"class_list":["post-4407","product","type-product","status-publish","has-post-thumbnail","hentry","product_cat-non-classe"],"acf":[],"_links":{"self":[{"href":"https:\/\/www.galadrielgestin.com\/en\/wp-json\/wp\/v2\/product\/4407","targetHints":{"allow":["GET"]}}],"collection":[{"href":"https:\/\/www.galadrielgestin.com\/en\/wp-json\/wp\/v2\/product"}],"about":[{"href":"https:\/\/www.galadrielgestin.com\/en\/wp-json\/wp\/v2\/types\/product"}],"wp:featuredmedia":[{"embeddable":true,"href":"https:\/\/www.galadrielgestin.com\/en\/wp-json\/wp\/v2\/media\/4408"}],"wp:attachment":[{"href":"https:\/\/www.galadrielgestin.com\/en\/wp-json\/wp\/v2\/media?parent=4407"}],"wp:term":[{"taxonomy":"product_cat","embeddable":true,"href":"https:\/\/www.galadrielgestin.com\/en\/wp-json\/wp\/v2\/product_cat?post=4407"},{"taxonomy":"product_tag","embeddable":true,"href":"https:\/\/www.galadrielgestin.com\/en\/wp-json\/wp\/v2\/product_tag?post=4407"}],"curies":[{"name":"wp","href":"https:\/\/api.w.org\/{rel}","templated":true}]}}