{"id":4403,"date":"2024-09-15T23:46:14","date_gmt":"2024-09-15T21:46:14","guid":{"rendered":"https:\/\/www.galadrielgestin.com\/?post_type=product&#038;p=4403"},"modified":"2024-09-15T23:46:14","modified_gmt":"2024-09-15T21:46:14","slug":"2051-je-peindrai-le-jour-avec-les-couleurs-de-la-nuit-je-me-suis-encore-endormi-dans-le-train-de-nuit-je-suis-seul-je-tire-sur-la-manette-darret-durgence-et-saute-personne-ne-ma-vu-per","status":"publish","type":"product","link":"https:\/\/www.galadrielgestin.com\/en\/product\/2051-je-peindrai-le-jour-avec-les-couleurs-de-la-nuit-je-me-suis-encore-endormi-dans-le-train-de-nuit-je-suis-seul-je-tire-sur-la-manette-darret-durgence-et-saute-personne-ne-ma-vu-per\/","title":{"rendered":"2051- Je peindrai le jour avec les couleurs de la nuit  + Je me suis encore endormi dans le train de nuit&#8230; Je suis seul, je tire sur la manette d&rsquo;arr\u00eat d&rsquo;urgence et saute. Personne ne m&rsquo;a vu. Personne ne saura jamais o\u00f9 je suis et je peindrai le jour avec les couleurs de la nuit  (mod\u00e8le Audrey(acrylique sur papier(31cm.22,5cm)))"},"content":{"rendered":"","protected":false},"excerpt":{"rendered":"","protected":false},"featured_media":4404,"template":"","meta":[],"product_cat":[41],"product_tag":[],"class_list":["post-4403","product","type-product","status-publish","has-post-thumbnail","hentry","product_cat-non-classe"],"acf":[],"_links":{"self":[{"href":"https:\/\/www.galadrielgestin.com\/en\/wp-json\/wp\/v2\/product\/4403","targetHints":{"allow":["GET"]}}],"collection":[{"href":"https:\/\/www.galadrielgestin.com\/en\/wp-json\/wp\/v2\/product"}],"about":[{"href":"https:\/\/www.galadrielgestin.com\/en\/wp-json\/wp\/v2\/types\/product"}],"wp:featuredmedia":[{"embeddable":true,"href":"https:\/\/www.galadrielgestin.com\/en\/wp-json\/wp\/v2\/media\/4404"}],"wp:attachment":[{"href":"https:\/\/www.galadrielgestin.com\/en\/wp-json\/wp\/v2\/media?parent=4403"}],"wp:term":[{"taxonomy":"product_cat","embeddable":true,"href":"https:\/\/www.galadrielgestin.com\/en\/wp-json\/wp\/v2\/product_cat?post=4403"},{"taxonomy":"product_tag","embeddable":true,"href":"https:\/\/www.galadrielgestin.com\/en\/wp-json\/wp\/v2\/product_tag?post=4403"}],"curies":[{"name":"wp","href":"https:\/\/api.w.org\/{rel}","templated":true}]}}