{"id":4401,"date":"2024-09-15T23:43:41","date_gmt":"2024-09-15T21:43:41","guid":{"rendered":"https:\/\/www.galadrielgestin.com\/?post_type=product&#038;p=4401"},"modified":"2024-09-15T23:43:42","modified_gmt":"2024-09-15T21:43:42","slug":"2050-au-pantheon-de-paondemonium-quil-pleuve-quil-pleuve-sur-moi-quil-ne-pleuve-que-sur-moi-je-laisserai-ton-desir-sagripper-a-ma-peau-modele-stephanieacrylique-sur-toile60cm-60cm","status":"publish","type":"product","link":"https:\/\/www.galadrielgestin.com\/en\/product\/2050-au-pantheon-de-paondemonium-quil-pleuve-quil-pleuve-sur-moi-quil-ne-pleuve-que-sur-moi-je-laisserai-ton-desir-sagripper-a-ma-peau-modele-stephanieacrylique-sur-toile60cm-60cm\/","title":{"rendered":"2050- Au panth\u00e9on de Paondemonium + Qu&rsquo;il pleuve. Qu&rsquo;il pleuve sur moi. Qu&rsquo;il ne pleuve que sur moi + Je laisserai ton d\u00e9sir s&rsquo;agripper \u00e0 ma peau (mod\u00e8le St\u00e9phanie(acrylique sur toile(60cm.60cm)"},"content":{"rendered":"","protected":false},"excerpt":{"rendered":"","protected":false},"featured_media":4402,"template":"","meta":[],"product_cat":[41],"product_tag":[],"class_list":["post-4401","product","type-product","status-publish","has-post-thumbnail","hentry","product_cat-non-classe"],"acf":[],"_links":{"self":[{"href":"https:\/\/www.galadrielgestin.com\/en\/wp-json\/wp\/v2\/product\/4401","targetHints":{"allow":["GET"]}}],"collection":[{"href":"https:\/\/www.galadrielgestin.com\/en\/wp-json\/wp\/v2\/product"}],"about":[{"href":"https:\/\/www.galadrielgestin.com\/en\/wp-json\/wp\/v2\/types\/product"}],"wp:featuredmedia":[{"embeddable":true,"href":"https:\/\/www.galadrielgestin.com\/en\/wp-json\/wp\/v2\/media\/4402"}],"wp:attachment":[{"href":"https:\/\/www.galadrielgestin.com\/en\/wp-json\/wp\/v2\/media?parent=4401"}],"wp:term":[{"taxonomy":"product_cat","embeddable":true,"href":"https:\/\/www.galadrielgestin.com\/en\/wp-json\/wp\/v2\/product_cat?post=4401"},{"taxonomy":"product_tag","embeddable":true,"href":"https:\/\/www.galadrielgestin.com\/en\/wp-json\/wp\/v2\/product_tag?post=4401"}],"curies":[{"name":"wp","href":"https:\/\/api.w.org\/{rel}","templated":true}]}}