{"id":4399,"date":"2024-09-15T23:31:38","date_gmt":"2024-09-15T21:31:38","guid":{"rendered":"https:\/\/www.galadrielgestin.com\/?post_type=product&#038;p=4399"},"modified":"2024-09-15T23:31:39","modified_gmt":"2024-09-15T21:31:39","slug":"2049-alors-il-mest-venu-une-idee-une-idee-en-or-une-orchidee-il-me-vient-en-pensee-de-te-laver-a-la-lavande-parceque-tu-mas-tape-dans-loeillet-il-me-vient-en-pensee-que-tu-baises-chaque-bl","status":"publish","type":"product","link":"https:\/\/www.galadrielgestin.com\/en\/product\/2049-alors-il-mest-venu-une-idee-une-idee-en-or-une-orchidee-il-me-vient-en-pensee-de-te-laver-a-la-lavande-parceque-tu-mas-tape-dans-loeillet-il-me-vient-en-pensee-que-tu-baises-chaque-bl\/","title":{"rendered":"2049- Alors il m&rsquo;est venu une id\u00e9e. Une id\u00e9e en or. Une orchid\u00e9e.. Il me vient en pens\u00e9e De te laver \u00e0 la lavande Parceque tu m&rsquo;as tap\u00e9 dans l&rsquo;oeillet. Il me vient en pens\u00e9e Que tu baises chaque bleuet sur ma peau Pendant des an\u00e9mones. Il me vient en pens\u00e9e De fr\u00f4ler, de toucher, de bouffer ton bouton d&rsquo;or En pens\u00e9es perverses et orchid\u00e9es pervenches. Il me vient en pens\u00e9e Que tu m&rsquo;attaches et que tu me violettes Que tu ne renoncules devant rien! Il me vient en pens\u00e9e Il me vient en pens\u00e9e Il me vient en pens\u00e9e que ton oc\u00e9an fleurisse. Que mon oc\u00e9an fleurisse. Que nous fleurissions. Mais si d&rsquo;aventure nous devions finir sur un th\u00e8me de crise. Alors je te promets que je t&rsquo;offirais mes plus belles chrysanth\u00e8mes. (mod\u00e8le Yuna(extrait du po\u00e8me \u00a0\u00bb Que ton oc\u00e9an fleurisse\u00a0\u00bb(acrylique sur toile(40cm.40cm))))"},"content":{"rendered":"","protected":false},"excerpt":{"rendered":"","protected":false},"featured_media":4400,"template":"","meta":[],"product_cat":[41],"product_tag":[],"class_list":["post-4399","product","type-product","status-publish","has-post-thumbnail","hentry","product_cat-non-classe"],"acf":[],"_links":{"self":[{"href":"https:\/\/www.galadrielgestin.com\/en\/wp-json\/wp\/v2\/product\/4399","targetHints":{"allow":["GET"]}}],"collection":[{"href":"https:\/\/www.galadrielgestin.com\/en\/wp-json\/wp\/v2\/product"}],"about":[{"href":"https:\/\/www.galadrielgestin.com\/en\/wp-json\/wp\/v2\/types\/product"}],"wp:featuredmedia":[{"embeddable":true,"href":"https:\/\/www.galadrielgestin.com\/en\/wp-json\/wp\/v2\/media\/4400"}],"wp:attachment":[{"href":"https:\/\/www.galadrielgestin.com\/en\/wp-json\/wp\/v2\/media?parent=4399"}],"wp:term":[{"taxonomy":"product_cat","embeddable":true,"href":"https:\/\/www.galadrielgestin.com\/en\/wp-json\/wp\/v2\/product_cat?post=4399"},{"taxonomy":"product_tag","embeddable":true,"href":"https:\/\/www.galadrielgestin.com\/en\/wp-json\/wp\/v2\/product_tag?post=4399"}],"curies":[{"name":"wp","href":"https:\/\/api.w.org\/{rel}","templated":true}]}}