{"id":4395,"date":"2024-09-15T23:26:12","date_gmt":"2024-09-15T21:26:12","guid":{"rendered":"https:\/\/www.galadrielgestin.com\/?post_type=product&#038;p=4395"},"modified":"2024-09-15T23:26:12","modified_gmt":"2024-09-15T21:26:12","slug":"2047-ces-choses-que-je-ne-tai-jamais-dites-et-les-fois-ou-jen-ai-trop-dit-quand-toutes-les-chansons-que-jecoute-parlent-de-la-meme-femme-je-devrais-peut-etre-me-crever-les-tympans-cetai","status":"publish","type":"product","link":"https:\/\/www.galadrielgestin.com\/en\/product\/2047-ces-choses-que-je-ne-tai-jamais-dites-et-les-fois-ou-jen-ai-trop-dit-quand-toutes-les-chansons-que-jecoute-parlent-de-la-meme-femme-je-devrais-peut-etre-me-crever-les-tympans-cetai\/","title":{"rendered":"2047- Ces choses que je ne t&rsquo;ai jamais dites et les fois o\u00f9 j&rsquo;en ai trop dit  + Quand toutes les chansons que j&rsquo;\u00e9coute parlent de la m\u00eame femme je devrais peut-\u00eatre me crever les tympans  + C&rsquo;\u00e9tait le meilleur moment pour arr\u00eater tous les calmants cuirasses  (Mod\u00e8le Pat(acrylique sur papier(30.5cm.27cm)"},"content":{"rendered":"","protected":false},"excerpt":{"rendered":"","protected":false},"featured_media":4396,"template":"","meta":[],"product_cat":[41],"product_tag":[],"class_list":["post-4395","product","type-product","status-publish","has-post-thumbnail","hentry","product_cat-non-classe"],"acf":[],"_links":{"self":[{"href":"https:\/\/www.galadrielgestin.com\/en\/wp-json\/wp\/v2\/product\/4395","targetHints":{"allow":["GET"]}}],"collection":[{"href":"https:\/\/www.galadrielgestin.com\/en\/wp-json\/wp\/v2\/product"}],"about":[{"href":"https:\/\/www.galadrielgestin.com\/en\/wp-json\/wp\/v2\/types\/product"}],"wp:featuredmedia":[{"embeddable":true,"href":"https:\/\/www.galadrielgestin.com\/en\/wp-json\/wp\/v2\/media\/4396"}],"wp:attachment":[{"href":"https:\/\/www.galadrielgestin.com\/en\/wp-json\/wp\/v2\/media?parent=4395"}],"wp:term":[{"taxonomy":"product_cat","embeddable":true,"href":"https:\/\/www.galadrielgestin.com\/en\/wp-json\/wp\/v2\/product_cat?post=4395"},{"taxonomy":"product_tag","embeddable":true,"href":"https:\/\/www.galadrielgestin.com\/en\/wp-json\/wp\/v2\/product_tag?post=4395"}],"curies":[{"name":"wp","href":"https:\/\/api.w.org\/{rel}","templated":true}]}}