{"id":4393,"date":"2024-09-15T23:24:24","date_gmt":"2024-09-15T21:24:24","guid":{"rendered":"https:\/\/www.galadrielgestin.com\/?post_type=product&#038;p=4393"},"modified":"2024-09-15T23:24:24","modified_gmt":"2024-09-15T21:24:24","slug":"2046-la-delicatesse-jai-parle-au-visage-dans-le-miroir-il-ne-veut-plus-me-remplacer-jetais-coince-dans-une-orniere-cest-un-jeu-brutal-mais-je-suis-sorti-je-ne-sais-pas-ce-que-demain-ap","status":"publish","type":"product","link":"https:\/\/www.galadrielgestin.com\/en\/product\/2046-la-delicatesse-jai-parle-au-visage-dans-le-miroir-il-ne-veut-plus-me-remplacer-jetais-coince-dans-une-orniere-cest-un-jeu-brutal-mais-je-suis-sorti-je-ne-sais-pas-ce-que-demain-ap\/","title":{"rendered":"2046- La d\u00e9licatesse  + J&rsquo;ai parl\u00e9 au visage dans le miroir, il ne veut plus me remplacer  + J&rsquo;\u00e9tais coinc\u00e9 dans une orni\u00e8re, c&rsquo;est un jeu brutal mais je suis sorti. Je ne sais pas ce que demain apportera (mod\u00e8le Marj (acrylique sur papier (30,5cm.27cm))"},"content":{"rendered":"","protected":false},"excerpt":{"rendered":"","protected":false},"featured_media":4394,"template":"","meta":[],"product_cat":[41],"product_tag":[],"class_list":["post-4393","product","type-product","status-publish","has-post-thumbnail","hentry","product_cat-non-classe"],"acf":[],"_links":{"self":[{"href":"https:\/\/www.galadrielgestin.com\/en\/wp-json\/wp\/v2\/product\/4393","targetHints":{"allow":["GET"]}}],"collection":[{"href":"https:\/\/www.galadrielgestin.com\/en\/wp-json\/wp\/v2\/product"}],"about":[{"href":"https:\/\/www.galadrielgestin.com\/en\/wp-json\/wp\/v2\/types\/product"}],"wp:featuredmedia":[{"embeddable":true,"href":"https:\/\/www.galadrielgestin.com\/en\/wp-json\/wp\/v2\/media\/4394"}],"wp:attachment":[{"href":"https:\/\/www.galadrielgestin.com\/en\/wp-json\/wp\/v2\/media?parent=4393"}],"wp:term":[{"taxonomy":"product_cat","embeddable":true,"href":"https:\/\/www.galadrielgestin.com\/en\/wp-json\/wp\/v2\/product_cat?post=4393"},{"taxonomy":"product_tag","embeddable":true,"href":"https:\/\/www.galadrielgestin.com\/en\/wp-json\/wp\/v2\/product_tag?post=4393"}],"curies":[{"name":"wp","href":"https:\/\/api.w.org\/{rel}","templated":true}]}}