{"id":4390,"date":"2024-09-15T23:18:30","date_gmt":"2024-09-15T21:18:30","guid":{"rendered":"https:\/\/www.galadrielgestin.com\/?post_type=product&#038;p=4390"},"modified":"2024-09-15T23:18:30","modified_gmt":"2024-09-15T21:18:30","slug":"2045-que-ton-ocean-fleurisse-je-mords-mes-levres-et-le-sang-perle-il-me-vient-une-pensee-joyeux-anniversaire-extrait-du-poeme-que-ton-ocean-fleurisse-modele-lidoacrylique-sur-toile40","status":"publish","type":"product","link":"https:\/\/www.galadrielgestin.com\/en\/product\/2045-que-ton-ocean-fleurisse-je-mords-mes-levres-et-le-sang-perle-il-me-vient-une-pensee-joyeux-anniversaire-extrait-du-poeme-que-ton-ocean-fleurisse-modele-lidoacrylique-sur-toile40\/","title":{"rendered":"2045- Que ton oc\u00e9an fleurisse  + Je mords mes l\u00e8vres et le sang perle  + Il me vient une pens\u00e9e  + Joyeux anniversaire (extrait du po\u00e8me \u00ab\u00a0Que ton oc\u00e9an fleurisse\u00a0\u00bb (mod\u00e8le Lido(acrylique sur toile(40cm.40cm)"},"content":{"rendered":"","protected":false},"excerpt":{"rendered":"","protected":false},"featured_media":4391,"template":"","meta":[],"product_cat":[41],"product_tag":[],"class_list":["post-4390","product","type-product","status-publish","has-post-thumbnail","hentry","product_cat-non-classe"],"acf":[],"_links":{"self":[{"href":"https:\/\/www.galadrielgestin.com\/en\/wp-json\/wp\/v2\/product\/4390","targetHints":{"allow":["GET"]}}],"collection":[{"href":"https:\/\/www.galadrielgestin.com\/en\/wp-json\/wp\/v2\/product"}],"about":[{"href":"https:\/\/www.galadrielgestin.com\/en\/wp-json\/wp\/v2\/types\/product"}],"wp:featuredmedia":[{"embeddable":true,"href":"https:\/\/www.galadrielgestin.com\/en\/wp-json\/wp\/v2\/media\/4391"}],"wp:attachment":[{"href":"https:\/\/www.galadrielgestin.com\/en\/wp-json\/wp\/v2\/media?parent=4390"}],"wp:term":[{"taxonomy":"product_cat","embeddable":true,"href":"https:\/\/www.galadrielgestin.com\/en\/wp-json\/wp\/v2\/product_cat?post=4390"},{"taxonomy":"product_tag","embeddable":true,"href":"https:\/\/www.galadrielgestin.com\/en\/wp-json\/wp\/v2\/product_tag?post=4390"}],"curies":[{"name":"wp","href":"https:\/\/api.w.org\/{rel}","templated":true}]}}