{"id":4382,"date":"2024-09-15T23:04:21","date_gmt":"2024-09-15T21:04:21","guid":{"rendered":"https:\/\/www.galadrielgestin.com\/?post_type=product&#038;p=4382"},"modified":"2024-09-15T23:04:21","modified_gmt":"2024-09-15T21:04:21","slug":"2041-bonne-heure-et-oeuf-au-riz-utiliser-cette-electricite-supplementaire-non-merci-madame-en-fait-si-merci-madame-acrylique-sur-toile40cm-40cm","status":"publish","type":"product","link":"https:\/\/www.galadrielgestin.com\/en\/product\/2041-bonne-heure-et-oeuf-au-riz-utiliser-cette-electricite-supplementaire-non-merci-madame-en-fait-si-merci-madame-acrylique-sur-toile40cm-40cm\/","title":{"rendered":"2041- Bonne heure et \u0153uf au riz  + Utiliser cette \u00e9lectricit\u00e9 suppl\u00e9mentaire  + Non merci Madame. En fait, si&#8230; Merci Madame. (acrylique sur toile(40cm.40cm"},"content":{"rendered":"","protected":false},"excerpt":{"rendered":"","protected":false},"featured_media":4383,"template":"","meta":[],"product_cat":[41],"product_tag":[],"class_list":["post-4382","product","type-product","status-publish","has-post-thumbnail","hentry","product_cat-non-classe"],"acf":[],"_links":{"self":[{"href":"https:\/\/www.galadrielgestin.com\/en\/wp-json\/wp\/v2\/product\/4382","targetHints":{"allow":["GET"]}}],"collection":[{"href":"https:\/\/www.galadrielgestin.com\/en\/wp-json\/wp\/v2\/product"}],"about":[{"href":"https:\/\/www.galadrielgestin.com\/en\/wp-json\/wp\/v2\/types\/product"}],"wp:featuredmedia":[{"embeddable":true,"href":"https:\/\/www.galadrielgestin.com\/en\/wp-json\/wp\/v2\/media\/4383"}],"wp:attachment":[{"href":"https:\/\/www.galadrielgestin.com\/en\/wp-json\/wp\/v2\/media?parent=4382"}],"wp:term":[{"taxonomy":"product_cat","embeddable":true,"href":"https:\/\/www.galadrielgestin.com\/en\/wp-json\/wp\/v2\/product_cat?post=4382"},{"taxonomy":"product_tag","embeddable":true,"href":"https:\/\/www.galadrielgestin.com\/en\/wp-json\/wp\/v2\/product_tag?post=4382"}],"curies":[{"name":"wp","href":"https:\/\/api.w.org\/{rel}","templated":true}]}}