{"id":4380,"date":"2024-09-15T23:02:36","date_gmt":"2024-09-15T21:02:36","guid":{"rendered":"https:\/\/www.galadrielgestin.com\/?post_type=product&#038;p=4380"},"modified":"2024-09-15T23:02:37","modified_gmt":"2024-09-15T21:02:37","slug":"2040-un-leger-gout-de-cendre-sur-les-levres-jai-le-mal-du-pays-dun-lieu-que-je-ne-connaitrais-jamais-il-fait-toujours-un-peu-plus-sombre-avant-laube-degrafer-les-photos-de-toi-que-jai-d","status":"publish","type":"product","link":"https:\/\/www.galadrielgestin.com\/en\/product\/2040-un-leger-gout-de-cendre-sur-les-levres-jai-le-mal-du-pays-dun-lieu-que-je-ne-connaitrais-jamais-il-fait-toujours-un-peu-plus-sombre-avant-laube-degrafer-les-photos-de-toi-que-jai-d\/","title":{"rendered":"2040- Un l\u00e9ger go\u00fbt de cendre sur les l\u00e8vres + J&rsquo;ai le mal du pays d&rsquo;un lieu que je ne conna\u00eetrais jamais + Il fait toujours un peu plus sombre avant l&rsquo;aube + D\u00e9grafer les photos de toi que j&rsquo;ai derri\u00e8re les paupi\u00e8res&#8230;c&rsquo;est marrant, \u00e7a laisse des t\u00e2ches plus claires comme sur un vrai album photo. (acrylique sur papier(31cm.22,5cm))"},"content":{"rendered":"","protected":false},"excerpt":{"rendered":"","protected":false},"featured_media":4381,"template":"","meta":[],"product_cat":[41],"product_tag":[],"class_list":["post-4380","product","type-product","status-publish","has-post-thumbnail","hentry","product_cat-non-classe"],"acf":[],"_links":{"self":[{"href":"https:\/\/www.galadrielgestin.com\/en\/wp-json\/wp\/v2\/product\/4380","targetHints":{"allow":["GET"]}}],"collection":[{"href":"https:\/\/www.galadrielgestin.com\/en\/wp-json\/wp\/v2\/product"}],"about":[{"href":"https:\/\/www.galadrielgestin.com\/en\/wp-json\/wp\/v2\/types\/product"}],"wp:featuredmedia":[{"embeddable":true,"href":"https:\/\/www.galadrielgestin.com\/en\/wp-json\/wp\/v2\/media\/4381"}],"wp:attachment":[{"href":"https:\/\/www.galadrielgestin.com\/en\/wp-json\/wp\/v2\/media?parent=4380"}],"wp:term":[{"taxonomy":"product_cat","embeddable":true,"href":"https:\/\/www.galadrielgestin.com\/en\/wp-json\/wp\/v2\/product_cat?post=4380"},{"taxonomy":"product_tag","embeddable":true,"href":"https:\/\/www.galadrielgestin.com\/en\/wp-json\/wp\/v2\/product_tag?post=4380"}],"curies":[{"name":"wp","href":"https:\/\/api.w.org\/{rel}","templated":true}]}}