{"id":4378,"date":"2024-09-15T23:00:01","date_gmt":"2024-09-15T21:00:01","guid":{"rendered":"https:\/\/www.galadrielgestin.com\/?post_type=product&#038;p=4378"},"modified":"2024-09-15T23:00:02","modified_gmt":"2024-09-15T21:00:02","slug":"2039-lair-est-sacre-ici-meme-avec-un-cerveau-rouille-ce-nest-que-la-moitie-du-chemin-mais-je-porte-de-longs-gants-blancs-modele-yunaacrylique-sur-papier-297cm-21cm","status":"publish","type":"product","link":"https:\/\/www.galadrielgestin.com\/en\/product\/2039-lair-est-sacre-ici-meme-avec-un-cerveau-rouille-ce-nest-que-la-moitie-du-chemin-mais-je-porte-de-longs-gants-blancs-modele-yunaacrylique-sur-papier-297cm-21cm\/","title":{"rendered":"2039- l\u2019air est sacr\u00e9 ici, m\u00eame avec un cerveau rouill\u00e9 + Ce n\u2019est que la moiti\u00e9 du chemin mais je porte de longs gants blancs (mod\u00e8le Yuna(acrylique sur papier (29,7cm.21cm)"},"content":{"rendered":"","protected":false},"excerpt":{"rendered":"","protected":false},"featured_media":4379,"template":"","meta":[],"product_cat":[41],"product_tag":[],"class_list":["post-4378","product","type-product","status-publish","has-post-thumbnail","hentry","product_cat-non-classe"],"acf":[],"_links":{"self":[{"href":"https:\/\/www.galadrielgestin.com\/en\/wp-json\/wp\/v2\/product\/4378","targetHints":{"allow":["GET"]}}],"collection":[{"href":"https:\/\/www.galadrielgestin.com\/en\/wp-json\/wp\/v2\/product"}],"about":[{"href":"https:\/\/www.galadrielgestin.com\/en\/wp-json\/wp\/v2\/types\/product"}],"wp:featuredmedia":[{"embeddable":true,"href":"https:\/\/www.galadrielgestin.com\/en\/wp-json\/wp\/v2\/media\/4379"}],"wp:attachment":[{"href":"https:\/\/www.galadrielgestin.com\/en\/wp-json\/wp\/v2\/media?parent=4378"}],"wp:term":[{"taxonomy":"product_cat","embeddable":true,"href":"https:\/\/www.galadrielgestin.com\/en\/wp-json\/wp\/v2\/product_cat?post=4378"},{"taxonomy":"product_tag","embeddable":true,"href":"https:\/\/www.galadrielgestin.com\/en\/wp-json\/wp\/v2\/product_tag?post=4378"}],"curies":[{"name":"wp","href":"https:\/\/api.w.org\/{rel}","templated":true}]}}