{"id":4376,"date":"2024-09-15T22:58:12","date_gmt":"2024-09-15T20:58:12","guid":{"rendered":"https:\/\/www.galadrielgestin.com\/?post_type=product&#038;p=4376"},"modified":"2024-09-15T22:58:12","modified_gmt":"2024-09-15T20:58:12","slug":"2038-naitre-encore-glisser-sur-un-peu-de-sang-perdre-lequilibre-et-livrer-la-plus-belle-danse-de-tous-les-temps-par-megarde-les-poids-qui-nen-sont-pas-les-pas-qui-nen-sont-pas-les-sente","status":"publish","type":"product","link":"https:\/\/www.galadrielgestin.com\/en\/product\/2038-naitre-encore-glisser-sur-un-peu-de-sang-perdre-lequilibre-et-livrer-la-plus-belle-danse-de-tous-les-temps-par-megarde-les-poids-qui-nen-sont-pas-les-pas-qui-nen-sont-pas-les-sente\/","title":{"rendered":"2038-Na\u00eetre encore  + Glisser sur un peu de sang, perdre l&rsquo;\u00e9quilibre et livrer la plus belle danse de tous les temps par m\u00e9garde  + Les poids qui n&rsquo;en sont pas, les pas qui n&rsquo;en sont pas, les senteurs et les baisers  + Everything means nothing to me  (acrylique sur toile(29,7cm.21cm)"},"content":{"rendered":"","protected":false},"excerpt":{"rendered":"","protected":false},"featured_media":4377,"template":"","meta":[],"product_cat":[41],"product_tag":[],"class_list":["post-4376","product","type-product","status-publish","has-post-thumbnail","hentry","product_cat-non-classe"],"acf":[],"_links":{"self":[{"href":"https:\/\/www.galadrielgestin.com\/en\/wp-json\/wp\/v2\/product\/4376","targetHints":{"allow":["GET"]}}],"collection":[{"href":"https:\/\/www.galadrielgestin.com\/en\/wp-json\/wp\/v2\/product"}],"about":[{"href":"https:\/\/www.galadrielgestin.com\/en\/wp-json\/wp\/v2\/types\/product"}],"wp:featuredmedia":[{"embeddable":true,"href":"https:\/\/www.galadrielgestin.com\/en\/wp-json\/wp\/v2\/media\/4377"}],"wp:attachment":[{"href":"https:\/\/www.galadrielgestin.com\/en\/wp-json\/wp\/v2\/media?parent=4376"}],"wp:term":[{"taxonomy":"product_cat","embeddable":true,"href":"https:\/\/www.galadrielgestin.com\/en\/wp-json\/wp\/v2\/product_cat?post=4376"},{"taxonomy":"product_tag","embeddable":true,"href":"https:\/\/www.galadrielgestin.com\/en\/wp-json\/wp\/v2\/product_tag?post=4376"}],"curies":[{"name":"wp","href":"https:\/\/api.w.org\/{rel}","templated":true}]}}