{"id":4370,"date":"2024-09-15T22:49:58","date_gmt":"2024-09-15T20:49:58","guid":{"rendered":"https:\/\/www.galadrielgestin.com\/?post_type=product&#038;p=4370"},"modified":"2024-09-15T22:49:58","modified_gmt":"2024-09-15T20:49:58","slug":"2035-en-dansant-avec-un-vent-qui-souffle-sur-les-couleurs-jai-toujours-peins-avec-de-leau-de-mer-les-sirenes-les-frissons-et-cette-chanson-que-jai-rapportee-dun-reve-modele-ceciliaacry","status":"publish","type":"product","link":"https:\/\/www.galadrielgestin.com\/en\/product\/2035-en-dansant-avec-un-vent-qui-souffle-sur-les-couleurs-jai-toujours-peins-avec-de-leau-de-mer-les-sirenes-les-frissons-et-cette-chanson-que-jai-rapportee-dun-reve-modele-ceciliaacry\/","title":{"rendered":"2035- En dansant avec un vent qui souffle sur les couleurs + J&rsquo;ai toujours peins avec de l&rsquo;eau de mer + Les sir\u00e8nes, les frissons et cette chanson que j&rsquo;ai rapport\u00e9e d&rsquo;un r\u00eave (mod\u00e8le Cecilia(acrylique sur toile(40cm.40cm)"},"content":{"rendered":"","protected":false},"excerpt":{"rendered":"","protected":false},"featured_media":4371,"template":"","meta":[],"product_cat":[41],"product_tag":[],"class_list":["post-4370","product","type-product","status-publish","has-post-thumbnail","hentry","product_cat-non-classe"],"acf":[],"_links":{"self":[{"href":"https:\/\/www.galadrielgestin.com\/en\/wp-json\/wp\/v2\/product\/4370","targetHints":{"allow":["GET"]}}],"collection":[{"href":"https:\/\/www.galadrielgestin.com\/en\/wp-json\/wp\/v2\/product"}],"about":[{"href":"https:\/\/www.galadrielgestin.com\/en\/wp-json\/wp\/v2\/types\/product"}],"wp:featuredmedia":[{"embeddable":true,"href":"https:\/\/www.galadrielgestin.com\/en\/wp-json\/wp\/v2\/media\/4371"}],"wp:attachment":[{"href":"https:\/\/www.galadrielgestin.com\/en\/wp-json\/wp\/v2\/media?parent=4370"}],"wp:term":[{"taxonomy":"product_cat","embeddable":true,"href":"https:\/\/www.galadrielgestin.com\/en\/wp-json\/wp\/v2\/product_cat?post=4370"},{"taxonomy":"product_tag","embeddable":true,"href":"https:\/\/www.galadrielgestin.com\/en\/wp-json\/wp\/v2\/product_tag?post=4370"}],"curies":[{"name":"wp","href":"https:\/\/api.w.org\/{rel}","templated":true}]}}