{"id":4367,"date":"2024-09-15T22:45:45","date_gmt":"2024-09-15T20:45:45","guid":{"rendered":"https:\/\/www.galadrielgestin.com\/?post_type=product&#038;p=4367"},"modified":"2024-09-15T22:45:45","modified_gmt":"2024-09-15T20:45:45","slug":"2034-le-fremissement-de-la-peau-le-chuchotement-des-cheveux-le-gemissement-des-paupieres-pour-les-coeurs-un-peu-perdus-pour-les-coeurs-qui-brillent-pour-les-coeurs-perdus-qui-brillent-et-ceux","status":"publish","type":"product","link":"https:\/\/www.galadrielgestin.com\/en\/product\/2034-le-fremissement-de-la-peau-le-chuchotement-des-cheveux-le-gemissement-des-paupieres-pour-les-coeurs-un-peu-perdus-pour-les-coeurs-qui-brillent-pour-les-coeurs-perdus-qui-brillent-et-ceux\/","title":{"rendered":"2034- Le fr\u00e9missement de la peau, le chuchotement des cheveux, le g\u00e9missement des paupi\u00e8res  + Pour les c\u0153urs un peu perdus. Pour les c\u0153urs qui brillent. Pour les c\u0153urs perdus qui brillent. Et ceux qu&rsquo;aucun m\u00e9dicament ne peut calmer. (mod\u00e8le Yuna(acrylique sur toile(40cm.40cm)"},"content":{"rendered":"","protected":false},"excerpt":{"rendered":"","protected":false},"featured_media":4368,"template":"","meta":[],"product_cat":[41],"product_tag":[],"class_list":["post-4367","product","type-product","status-publish","has-post-thumbnail","hentry","product_cat-non-classe"],"acf":[],"_links":{"self":[{"href":"https:\/\/www.galadrielgestin.com\/en\/wp-json\/wp\/v2\/product\/4367","targetHints":{"allow":["GET"]}}],"collection":[{"href":"https:\/\/www.galadrielgestin.com\/en\/wp-json\/wp\/v2\/product"}],"about":[{"href":"https:\/\/www.galadrielgestin.com\/en\/wp-json\/wp\/v2\/types\/product"}],"wp:featuredmedia":[{"embeddable":true,"href":"https:\/\/www.galadrielgestin.com\/en\/wp-json\/wp\/v2\/media\/4368"}],"wp:attachment":[{"href":"https:\/\/www.galadrielgestin.com\/en\/wp-json\/wp\/v2\/media?parent=4367"}],"wp:term":[{"taxonomy":"product_cat","embeddable":true,"href":"https:\/\/www.galadrielgestin.com\/en\/wp-json\/wp\/v2\/product_cat?post=4367"},{"taxonomy":"product_tag","embeddable":true,"href":"https:\/\/www.galadrielgestin.com\/en\/wp-json\/wp\/v2\/product_tag?post=4367"}],"curies":[{"name":"wp","href":"https:\/\/api.w.org\/{rel}","templated":true}]}}