{"id":4365,"date":"2024-09-15T22:43:35","date_gmt":"2024-09-15T20:43:35","guid":{"rendered":"https:\/\/www.galadrielgestin.com\/?post_type=product&#038;p=4365"},"modified":"2024-09-15T22:43:35","modified_gmt":"2024-09-15T20:43:35","slug":"2033-fenetre-sur-coeur-debout-sur-un-miroir-geant-pour-lautre-je-suis-deja-sous-terre-lamour-veritable-peut-attendre-enferme-a-double-tour-dans-mon-grenier-hante-ce-qui-resonne-ce-qu","status":"publish","type":"product","link":"https:\/\/www.galadrielgestin.com\/en\/product\/2033-fenetre-sur-coeur-debout-sur-un-miroir-geant-pour-lautre-je-suis-deja-sous-terre-lamour-veritable-peut-attendre-enferme-a-double-tour-dans-mon-grenier-hante-ce-qui-resonne-ce-qu\/","title":{"rendered":"2033- Fen\u00eatre sur c\u0153ur  + Debout sur un miroir g\u00e9ant. Pour l&rsquo;autre, je suis d\u00e9j\u00e0 sous terre  + L&rsquo;amour v\u00e9ritable peut attendre, enferm\u00e9 \u00e0 double tour dans mon grenier hant\u00e9  + Ce qui r\u00e9sonne, ce qui devrait r\u00e9sonner +  (acrylique sur toile(60cm.40cm"},"content":{"rendered":"","protected":false},"excerpt":{"rendered":"","protected":false},"featured_media":4366,"template":"","meta":[],"product_cat":[41],"product_tag":[],"class_list":["post-4365","product","type-product","status-publish","has-post-thumbnail","hentry","product_cat-non-classe"],"acf":[],"_links":{"self":[{"href":"https:\/\/www.galadrielgestin.com\/en\/wp-json\/wp\/v2\/product\/4365","targetHints":{"allow":["GET"]}}],"collection":[{"href":"https:\/\/www.galadrielgestin.com\/en\/wp-json\/wp\/v2\/product"}],"about":[{"href":"https:\/\/www.galadrielgestin.com\/en\/wp-json\/wp\/v2\/types\/product"}],"wp:featuredmedia":[{"embeddable":true,"href":"https:\/\/www.galadrielgestin.com\/en\/wp-json\/wp\/v2\/media\/4366"}],"wp:attachment":[{"href":"https:\/\/www.galadrielgestin.com\/en\/wp-json\/wp\/v2\/media?parent=4365"}],"wp:term":[{"taxonomy":"product_cat","embeddable":true,"href":"https:\/\/www.galadrielgestin.com\/en\/wp-json\/wp\/v2\/product_cat?post=4365"},{"taxonomy":"product_tag","embeddable":true,"href":"https:\/\/www.galadrielgestin.com\/en\/wp-json\/wp\/v2\/product_tag?post=4365"}],"curies":[{"name":"wp","href":"https:\/\/api.w.org\/{rel}","templated":true}]}}