{"id":4363,"date":"2024-09-15T22:41:40","date_gmt":"2024-09-15T20:41:40","guid":{"rendered":"https:\/\/www.galadrielgestin.com\/?post_type=product&#038;p=4363"},"modified":"2024-09-15T22:41:40","modified_gmt":"2024-09-15T20:41:40","slug":"2032-la-funambule-philophobique-jaurais-aime-etre-pare-balle-endormie-dans-le-sable-avec-locean-qui-emporte-tout-partage-du-recit-partage-de-la-douleur-partage-du-bonheur-les-jours","status":"publish","type":"product","link":"https:\/\/www.galadrielgestin.com\/en\/product\/2032-la-funambule-philophobique-jaurais-aime-etre-pare-balle-endormie-dans-le-sable-avec-locean-qui-emporte-tout-partage-du-recit-partage-de-la-douleur-partage-du-bonheur-les-jours\/","title":{"rendered":"2032- La funambule philophobique  + J&rsquo;aurais aim\u00e9 \u00eatre pare-balle  + Endormie dans le sable avec l&rsquo;oc\u00e9an qui emporte tout  + Partage du r\u00e9cit, partage de la douleur, partage du bonheur  + Les jours sont intacts mais je n&rsquo;y peux rien, certains souvenirs prennent feu  (acrylique sur toile (55cxm.46cm)"},"content":{"rendered":"","protected":false},"excerpt":{"rendered":"","protected":false},"featured_media":4364,"template":"","meta":[],"product_cat":[41],"product_tag":[],"class_list":["post-4363","product","type-product","status-publish","has-post-thumbnail","hentry","product_cat-non-classe"],"acf":[],"_links":{"self":[{"href":"https:\/\/www.galadrielgestin.com\/en\/wp-json\/wp\/v2\/product\/4363","targetHints":{"allow":["GET"]}}],"collection":[{"href":"https:\/\/www.galadrielgestin.com\/en\/wp-json\/wp\/v2\/product"}],"about":[{"href":"https:\/\/www.galadrielgestin.com\/en\/wp-json\/wp\/v2\/types\/product"}],"wp:featuredmedia":[{"embeddable":true,"href":"https:\/\/www.galadrielgestin.com\/en\/wp-json\/wp\/v2\/media\/4364"}],"wp:attachment":[{"href":"https:\/\/www.galadrielgestin.com\/en\/wp-json\/wp\/v2\/media?parent=4363"}],"wp:term":[{"taxonomy":"product_cat","embeddable":true,"href":"https:\/\/www.galadrielgestin.com\/en\/wp-json\/wp\/v2\/product_cat?post=4363"},{"taxonomy":"product_tag","embeddable":true,"href":"https:\/\/www.galadrielgestin.com\/en\/wp-json\/wp\/v2\/product_tag?post=4363"}],"curies":[{"name":"wp","href":"https:\/\/api.w.org\/{rel}","templated":true}]}}