{"id":4361,"date":"2024-09-15T22:37:38","date_gmt":"2024-09-15T20:37:38","guid":{"rendered":"https:\/\/www.galadrielgestin.com\/?post_type=product&#038;p=4361"},"modified":"2024-09-15T22:37:38","modified_gmt":"2024-09-15T20:37:38","slug":"2031-etude-electrique-dun-coeur-se-brisant-en-temps-reel-jenleve-mon-costume-de-funerailles-et-je-te-loffre-je-suis-assis-sur-mon-lit-plus-nu-que-je-ne-lai-jamais-ete-autant-envie-de-la","status":"publish","type":"product","link":"https:\/\/www.galadrielgestin.com\/en\/product\/2031-etude-electrique-dun-coeur-se-brisant-en-temps-reel-jenleve-mon-costume-de-funerailles-et-je-te-loffre-je-suis-assis-sur-mon-lit-plus-nu-que-je-ne-lai-jamais-ete-autant-envie-de-la\/","title":{"rendered":"2031- Etude \u00e9lectrique d&rsquo;un c\u0153ur se brisant en temps r\u00e9el + J&rsquo;enl\u00e8ve mon costume de fun\u00e9railles et je te l&rsquo;offre, je suis assis sur mon lit plus nu que je ne l&rsquo;ai jamais \u00e9t\u00e9  + Autant envie de la voir que de voir ce temps en vie grandir  + Je t&#8217;emmerde de tout mon c\u0153ur  (Acrylique sur papier(30,5cm.27cm)"},"content":{"rendered":"","protected":false},"excerpt":{"rendered":"","protected":false},"featured_media":4362,"template":"","meta":[],"product_cat":[41],"product_tag":[],"class_list":["post-4361","product","type-product","status-publish","has-post-thumbnail","hentry","product_cat-non-classe"],"acf":[],"_links":{"self":[{"href":"https:\/\/www.galadrielgestin.com\/en\/wp-json\/wp\/v2\/product\/4361","targetHints":{"allow":["GET"]}}],"collection":[{"href":"https:\/\/www.galadrielgestin.com\/en\/wp-json\/wp\/v2\/product"}],"about":[{"href":"https:\/\/www.galadrielgestin.com\/en\/wp-json\/wp\/v2\/types\/product"}],"wp:featuredmedia":[{"embeddable":true,"href":"https:\/\/www.galadrielgestin.com\/en\/wp-json\/wp\/v2\/media\/4362"}],"wp:attachment":[{"href":"https:\/\/www.galadrielgestin.com\/en\/wp-json\/wp\/v2\/media?parent=4361"}],"wp:term":[{"taxonomy":"product_cat","embeddable":true,"href":"https:\/\/www.galadrielgestin.com\/en\/wp-json\/wp\/v2\/product_cat?post=4361"},{"taxonomy":"product_tag","embeddable":true,"href":"https:\/\/www.galadrielgestin.com\/en\/wp-json\/wp\/v2\/product_tag?post=4361"}],"curies":[{"name":"wp","href":"https:\/\/api.w.org\/{rel}","templated":true}]}}