{"id":4359,"date":"2024-09-15T22:35:11","date_gmt":"2024-09-15T20:35:11","guid":{"rendered":"https:\/\/www.galadrielgestin.com\/?post_type=product&#038;p=4359"},"modified":"2024-09-15T22:35:11","modified_gmt":"2024-09-15T20:35:11","slug":"2030-557-jours-du-gout-de-tout-puis-soudain-lasphyxie-du-coeur-limplosion-de-linstinct-le-veritable-amour-peut-attendre-une-autre-vie-a-moins-que-je-nen-ai-quune-heureusement-pour","status":"publish","type":"product","link":"https:\/\/www.galadrielgestin.com\/en\/product\/2030-557-jours-du-gout-de-tout-puis-soudain-lasphyxie-du-coeur-limplosion-de-linstinct-le-veritable-amour-peut-attendre-une-autre-vie-a-moins-que-je-nen-ai-quune-heureusement-pour\/","title":{"rendered":"2030- 557 jours du go\u00fbt de tout, puis soudain l&rsquo;asphyxie du c\u0153ur, l&rsquo;implosion de l&rsquo;instinct + Le v\u00e9ritable amour peut attendre une autre vie, \u00e0 moins que je n&rsquo;en ai qu&rsquo;une?  + Heureusement pour nous que je porte toujours un costume de fun\u00e9railles sous mes habits  + Une pi\u00e8ce par jour. Un jour, une pi\u00e8ce&#8230;je n&rsquo;aurai jamais la monnaie sur dix. (acrylique sur toile(60cm.40cm)"},"content":{"rendered":"","protected":false},"excerpt":{"rendered":"","protected":false},"featured_media":4360,"template":"","meta":[],"product_cat":[41],"product_tag":[],"class_list":["post-4359","product","type-product","status-publish","has-post-thumbnail","hentry","product_cat-non-classe"],"acf":[],"_links":{"self":[{"href":"https:\/\/www.galadrielgestin.com\/en\/wp-json\/wp\/v2\/product\/4359","targetHints":{"allow":["GET"]}}],"collection":[{"href":"https:\/\/www.galadrielgestin.com\/en\/wp-json\/wp\/v2\/product"}],"about":[{"href":"https:\/\/www.galadrielgestin.com\/en\/wp-json\/wp\/v2\/types\/product"}],"wp:featuredmedia":[{"embeddable":true,"href":"https:\/\/www.galadrielgestin.com\/en\/wp-json\/wp\/v2\/media\/4360"}],"wp:attachment":[{"href":"https:\/\/www.galadrielgestin.com\/en\/wp-json\/wp\/v2\/media?parent=4359"}],"wp:term":[{"taxonomy":"product_cat","embeddable":true,"href":"https:\/\/www.galadrielgestin.com\/en\/wp-json\/wp\/v2\/product_cat?post=4359"},{"taxonomy":"product_tag","embeddable":true,"href":"https:\/\/www.galadrielgestin.com\/en\/wp-json\/wp\/v2\/product_tag?post=4359"}],"curies":[{"name":"wp","href":"https:\/\/api.w.org\/{rel}","templated":true}]}}