{"id":4347,"date":"2024-09-15T22:22:57","date_gmt":"2024-09-15T20:22:57","guid":{"rendered":"https:\/\/www.galadrielgestin.com\/?post_type=product&#038;p=4347"},"modified":"2024-09-15T22:22:57","modified_gmt":"2024-09-15T20:22:57","slug":"2025-equilibre-hydrostatique-du-coeur-aujourdhui-je-porterai-ta-robe-un-sourire-de-chat-fou-cache-a-larriere-de-ma-tete-sous-mes-cheveux-modele-yunaacrylique-sur-papier305cm-227","status":"publish","type":"product","link":"https:\/\/www.galadrielgestin.com\/en\/product\/2025-equilibre-hydrostatique-du-coeur-aujourdhui-je-porterai-ta-robe-un-sourire-de-chat-fou-cache-a-larriere-de-ma-tete-sous-mes-cheveux-modele-yunaacrylique-sur-papier305cm-227\/","title":{"rendered":"2025- Equilibre hydrostatique du coeur + Aujourd&rsquo;hui je porterai ta robe + Un sourire de chat fou cach\u00e9 \u00e0 l&rsquo;arri\u00e8re de ma t\u00eate&#8230;sous mes cheveux (mod\u00e8le Yuna(acrylique sur  papier(30,5cm.22,7)"},"content":{"rendered":"","protected":false},"excerpt":{"rendered":"","protected":false},"featured_media":4348,"template":"","meta":[],"product_cat":[41],"product_tag":[],"class_list":["post-4347","product","type-product","status-publish","has-post-thumbnail","hentry","product_cat-non-classe"],"acf":[],"_links":{"self":[{"href":"https:\/\/www.galadrielgestin.com\/en\/wp-json\/wp\/v2\/product\/4347","targetHints":{"allow":["GET"]}}],"collection":[{"href":"https:\/\/www.galadrielgestin.com\/en\/wp-json\/wp\/v2\/product"}],"about":[{"href":"https:\/\/www.galadrielgestin.com\/en\/wp-json\/wp\/v2\/types\/product"}],"wp:featuredmedia":[{"embeddable":true,"href":"https:\/\/www.galadrielgestin.com\/en\/wp-json\/wp\/v2\/media\/4348"}],"wp:attachment":[{"href":"https:\/\/www.galadrielgestin.com\/en\/wp-json\/wp\/v2\/media?parent=4347"}],"wp:term":[{"taxonomy":"product_cat","embeddable":true,"href":"https:\/\/www.galadrielgestin.com\/en\/wp-json\/wp\/v2\/product_cat?post=4347"},{"taxonomy":"product_tag","embeddable":true,"href":"https:\/\/www.galadrielgestin.com\/en\/wp-json\/wp\/v2\/product_tag?post=4347"}],"curies":[{"name":"wp","href":"https:\/\/api.w.org\/{rel}","templated":true}]}}