{"id":4343,"date":"2024-09-15T22:15:28","date_gmt":"2024-09-15T20:15:28","guid":{"rendered":"https:\/\/www.galadrielgestin.com\/?post_type=product&#038;p=4343"},"modified":"2024-09-15T22:15:28","modified_gmt":"2024-09-15T20:15:28","slug":"2023-un-baiser-vorarephile-le-sel-la-bouche-la-bouche-le-sel-je-ne-sais-plus-ou-je-commence-et-ou-tu-finis-modele-yunaacrylique-sur-papier30cm-225cm","status":"publish","type":"product","link":"https:\/\/www.galadrielgestin.com\/en\/product\/2023-un-baiser-vorarephile-le-sel-la-bouche-la-bouche-le-sel-je-ne-sais-plus-ou-je-commence-et-ou-tu-finis-modele-yunaacrylique-sur-papier30cm-225cm\/","title":{"rendered":"2023- Un baiser vorarephile + Le sel, la bouche. La bouche, le sel  + Je ne sais plus o\u00f9 je commence et o\u00f9 tu finis (mod\u00e8le Yuna(acrylique sur papier(30cm.22,5cm)"},"content":{"rendered":"","protected":false},"excerpt":{"rendered":"","protected":false},"featured_media":4344,"template":"","meta":[],"product_cat":[41],"product_tag":[],"class_list":["post-4343","product","type-product","status-publish","has-post-thumbnail","hentry","product_cat-non-classe"],"acf":[],"_links":{"self":[{"href":"https:\/\/www.galadrielgestin.com\/en\/wp-json\/wp\/v2\/product\/4343","targetHints":{"allow":["GET"]}}],"collection":[{"href":"https:\/\/www.galadrielgestin.com\/en\/wp-json\/wp\/v2\/product"}],"about":[{"href":"https:\/\/www.galadrielgestin.com\/en\/wp-json\/wp\/v2\/types\/product"}],"wp:featuredmedia":[{"embeddable":true,"href":"https:\/\/www.galadrielgestin.com\/en\/wp-json\/wp\/v2\/media\/4344"}],"wp:attachment":[{"href":"https:\/\/www.galadrielgestin.com\/en\/wp-json\/wp\/v2\/media?parent=4343"}],"wp:term":[{"taxonomy":"product_cat","embeddable":true,"href":"https:\/\/www.galadrielgestin.com\/en\/wp-json\/wp\/v2\/product_cat?post=4343"},{"taxonomy":"product_tag","embeddable":true,"href":"https:\/\/www.galadrielgestin.com\/en\/wp-json\/wp\/v2\/product_tag?post=4343"}],"curies":[{"name":"wp","href":"https:\/\/api.w.org\/{rel}","templated":true}]}}