{"id":4341,"date":"2024-09-15T22:12:37","date_gmt":"2024-09-15T20:12:37","guid":{"rendered":"https:\/\/www.galadrielgestin.com\/?post_type=product&#038;p=4341"},"modified":"2024-09-15T22:12:38","modified_gmt":"2024-09-15T20:12:38","slug":"2022-reve-brontophile-et-humeur-ailurophage-les-fenetres-ouvertes-laissent-entrer-la-pluie-dans-ma-chambre-mon-lit-sera-mon-radeau-mes-livres-seront-mes-pagaies-et-je-jaillirai-du-premier-etage","status":"publish","type":"product","link":"https:\/\/www.galadrielgestin.com\/en\/product\/2022-reve-brontophile-et-humeur-ailurophage-les-fenetres-ouvertes-laissent-entrer-la-pluie-dans-ma-chambre-mon-lit-sera-mon-radeau-mes-livres-seront-mes-pagaies-et-je-jaillirai-du-premier-etage\/","title":{"rendered":"2022- R\u00e8ve brontophile et humeur ailurophage  + Les fen\u00eatres ouvertes laissent entrer la pluie dans ma chambre. Mon lit sera mon radeau. Mes livres seront mes pagaies. Et je jaillirai du premier \u00e9tage avec de l&rsquo;\u00e9cume plein la barbe mais le sourire au l\u00e8vres (Hommage \u00e0 HR Giger)"},"content":{"rendered":"","protected":false},"excerpt":{"rendered":"","protected":false},"featured_media":4342,"template":"","meta":[],"product_cat":[41],"product_tag":[],"class_list":["post-4341","product","type-product","status-publish","has-post-thumbnail","hentry","product_cat-non-classe"],"acf":[],"_links":{"self":[{"href":"https:\/\/www.galadrielgestin.com\/en\/wp-json\/wp\/v2\/product\/4341","targetHints":{"allow":["GET"]}}],"collection":[{"href":"https:\/\/www.galadrielgestin.com\/en\/wp-json\/wp\/v2\/product"}],"about":[{"href":"https:\/\/www.galadrielgestin.com\/en\/wp-json\/wp\/v2\/types\/product"}],"wp:featuredmedia":[{"embeddable":true,"href":"https:\/\/www.galadrielgestin.com\/en\/wp-json\/wp\/v2\/media\/4342"}],"wp:attachment":[{"href":"https:\/\/www.galadrielgestin.com\/en\/wp-json\/wp\/v2\/media?parent=4341"}],"wp:term":[{"taxonomy":"product_cat","embeddable":true,"href":"https:\/\/www.galadrielgestin.com\/en\/wp-json\/wp\/v2\/product_cat?post=4341"},{"taxonomy":"product_tag","embeddable":true,"href":"https:\/\/www.galadrielgestin.com\/en\/wp-json\/wp\/v2\/product_tag?post=4341"}],"curies":[{"name":"wp","href":"https:\/\/api.w.org\/{rel}","templated":true}]}}