{"id":4265,"date":"2023-12-15T00:22:54","date_gmt":"2023-12-14T23:22:54","guid":{"rendered":"https:\/\/www.galadrielgestin.com\/?post_type=product&#038;p=4265"},"modified":"2023-12-15T00:24:42","modified_gmt":"2023-12-14T23:24:42","slug":"1826-a-la-congestion-dans-ma-tete-a-la-corruption-dans-mon-coeur-on-dirait-que-je-tai-choisi-pour-pouvoir-voir-ce-monde-bruler","status":"publish","type":"product","link":"https:\/\/www.galadrielgestin.com\/en\/product\/1826-a-la-congestion-dans-ma-tete-a-la-corruption-dans-mon-coeur-on-dirait-que-je-tai-choisi-pour-pouvoir-voir-ce-monde-bruler\/","title":{"rendered":"1826- \u00c0 la congestion dans ma t\u00eate, \u00e0 la corruption dans mon coeur + On dirait que je t\u2019ai choisi pour pouvoir voir ce monde br\u00fbler"},"content":{"rendered":"","protected":false},"excerpt":{"rendered":"","protected":false},"featured_media":4266,"template":"","meta":[],"product_cat":[41],"product_tag":[],"class_list":["post-4265","product","type-product","status-publish","has-post-thumbnail","hentry","product_cat-non-classe"],"acf":[],"_links":{"self":[{"href":"https:\/\/www.galadrielgestin.com\/en\/wp-json\/wp\/v2\/product\/4265","targetHints":{"allow":["GET"]}}],"collection":[{"href":"https:\/\/www.galadrielgestin.com\/en\/wp-json\/wp\/v2\/product"}],"about":[{"href":"https:\/\/www.galadrielgestin.com\/en\/wp-json\/wp\/v2\/types\/product"}],"wp:featuredmedia":[{"embeddable":true,"href":"https:\/\/www.galadrielgestin.com\/en\/wp-json\/wp\/v2\/media\/4266"}],"wp:attachment":[{"href":"https:\/\/www.galadrielgestin.com\/en\/wp-json\/wp\/v2\/media?parent=4265"}],"wp:term":[{"taxonomy":"product_cat","embeddable":true,"href":"https:\/\/www.galadrielgestin.com\/en\/wp-json\/wp\/v2\/product_cat?post=4265"},{"taxonomy":"product_tag","embeddable":true,"href":"https:\/\/www.galadrielgestin.com\/en\/wp-json\/wp\/v2\/product_tag?post=4265"}],"curies":[{"name":"wp","href":"https:\/\/api.w.org\/{rel}","templated":true}]}}