{"id":4190,"date":"2023-12-07T23:27:32","date_gmt":"2023-12-07T22:27:32","guid":{"rendered":"https:\/\/www.galadrielgestin.com\/?post_type=product&#038;p=4190"},"modified":"2023-12-07T23:27:32","modified_gmt":"2023-12-07T22:27:32","slug":"1945-voice-2-confusion-is-sex-voice-3-to-43-no-sex-is-anything-but-confusion-alea-jacta-est-je-suis-baillonne-par-la-lumiere-voix-19je-suis-moi-jai-un-nom-je-suis-moi","status":"publish","type":"product","link":"https:\/\/www.galadrielgestin.com\/en\/product\/1945-voice-2-confusion-is-sex-voice-3-to-43-no-sex-is-anything-but-confusion-alea-jacta-est-je-suis-baillonne-par-la-lumiere-voix-19je-suis-moi-jai-un-nom-je-suis-moi\/","title":{"rendered":"1945- Voice 2 : \u00ab\u00a0Confusion is sex.\u00a0\u00bb Voice 3 to 43: \u00ab\u00a0No, sex is anything but confusion!\u00a0\u00bb  + Alea jacta est?  + Je suis b\u00e2illonn\u00e9 par la lumi\u00e8re  + Voix 19:\u00a0\u00bbJe suis moi. J&rsquo;ai un nom. Je suis moi. J&rsquo;ai un nom. Je suis moi. J&rsquo;ai un nom. Je suis moi. J&rsquo;ai un n&#8230;\u00a0\u00bb  Voix 7:\u00a0\u00bbQu&rsquo;est que tu marmonnes, comme \u00e7a?\u00a0\u00bb  Voix 19:\u00a0\u00bb Heu, bah&#8230;heu..je tente un slam&#8230;\u00a0\u00bb"},"content":{"rendered":"","protected":false},"excerpt":{"rendered":"","protected":false},"featured_media":4170,"template":"","meta":[],"product_cat":[41],"product_tag":[],"class_list":["post-4190","product","type-product","status-publish","has-post-thumbnail","hentry","product_cat-non-classe"],"acf":[],"_links":{"self":[{"href":"https:\/\/www.galadrielgestin.com\/en\/wp-json\/wp\/v2\/product\/4190","targetHints":{"allow":["GET"]}}],"collection":[{"href":"https:\/\/www.galadrielgestin.com\/en\/wp-json\/wp\/v2\/product"}],"about":[{"href":"https:\/\/www.galadrielgestin.com\/en\/wp-json\/wp\/v2\/types\/product"}],"wp:featuredmedia":[{"embeddable":true,"href":"https:\/\/www.galadrielgestin.com\/en\/wp-json\/wp\/v2\/media\/4170"}],"wp:attachment":[{"href":"https:\/\/www.galadrielgestin.com\/en\/wp-json\/wp\/v2\/media?parent=4190"}],"wp:term":[{"taxonomy":"product_cat","embeddable":true,"href":"https:\/\/www.galadrielgestin.com\/en\/wp-json\/wp\/v2\/product_cat?post=4190"},{"taxonomy":"product_tag","embeddable":true,"href":"https:\/\/www.galadrielgestin.com\/en\/wp-json\/wp\/v2\/product_tag?post=4190"}],"curies":[{"name":"wp","href":"https:\/\/api.w.org\/{rel}","templated":true}]}}