{"id":4080,"date":"2023-03-11T02:35:44","date_gmt":"2023-03-11T01:35:44","guid":{"rendered":"http:\/\/www.galadrielgestin.com\/?post_type=product&#038;p=4080"},"modified":"2023-03-11T02:35:45","modified_gmt":"2023-03-11T01:35:45","slug":"1849-je-ne-veux-plus-jamais-lire-dans-tes-pensees-mon-dieu-voix-19-bah-alors-je-croyais-que-tu-allais-peindre-des-fleurs-toutes-simples-pendant-quelques-temps-parce-que-je-cite-bouhou","status":"publish","type":"product","link":"https:\/\/www.galadrielgestin.com\/en\/product\/1849-je-ne-veux-plus-jamais-lire-dans-tes-pensees-mon-dieu-voix-19-bah-alors-je-croyais-que-tu-allais-peindre-des-fleurs-toutes-simples-pendant-quelques-temps-parce-que-je-cite-bouhou\/","title":{"rendered":"1849- Je ne veux plus jamais lire dans tes pens\u00e9es, mon Dieu! +  Voix 19: \u00a0\u00bb Bah alors,  je croyais que tu allais peindre des fleurs toutes simples pendant quelques temps parce que je cite: \u00a0\u00bb Bouhou&#8230;je pleure &#8230;\u00e7a a \u00e9t\u00e9 trop dure&#8230;j&rsquo;ai failli devenir dingue blablabla.\u00a0\u00bb  Voix 4: \u00ab\u00a0Heu&#8230;comment dire. Juste&#8230;ta gueule!\u00a0\u00bb"},"content":{"rendered":"","protected":false},"excerpt":{"rendered":"","protected":false},"featured_media":4081,"template":"","meta":[],"product_cat":[41],"product_tag":[],"class_list":["post-4080","product","type-product","status-publish","has-post-thumbnail","hentry","product_cat-non-classe"],"acf":[],"_links":{"self":[{"href":"https:\/\/www.galadrielgestin.com\/en\/wp-json\/wp\/v2\/product\/4080","targetHints":{"allow":["GET"]}}],"collection":[{"href":"https:\/\/www.galadrielgestin.com\/en\/wp-json\/wp\/v2\/product"}],"about":[{"href":"https:\/\/www.galadrielgestin.com\/en\/wp-json\/wp\/v2\/types\/product"}],"wp:featuredmedia":[{"embeddable":true,"href":"https:\/\/www.galadrielgestin.com\/en\/wp-json\/wp\/v2\/media\/4081"}],"wp:attachment":[{"href":"https:\/\/www.galadrielgestin.com\/en\/wp-json\/wp\/v2\/media?parent=4080"}],"wp:term":[{"taxonomy":"product_cat","embeddable":true,"href":"https:\/\/www.galadrielgestin.com\/en\/wp-json\/wp\/v2\/product_cat?post=4080"},{"taxonomy":"product_tag","embeddable":true,"href":"https:\/\/www.galadrielgestin.com\/en\/wp-json\/wp\/v2\/product_tag?post=4080"}],"curies":[{"name":"wp","href":"https:\/\/api.w.org\/{rel}","templated":true}]}}