{"id":4072,"date":"2023-03-11T02:11:39","date_gmt":"2023-03-11T01:11:39","guid":{"rendered":"http:\/\/www.galadrielgestin.com\/?post_type=product&#038;p=4072"},"modified":"2023-03-11T02:11:40","modified_gmt":"2023-03-11T01:11:40","slug":"1894-si-je-ne-sais-pas-ou-je-suis-cest-que-tu-dois-savoir-ou-tu-es-la-face-cachee-quand-les-cloches-sonnent-rue-meuris","status":"publish","type":"product","link":"https:\/\/www.galadrielgestin.com\/en\/product\/1894-si-je-ne-sais-pas-ou-je-suis-cest-que-tu-dois-savoir-ou-tu-es-la-face-cachee-quand-les-cloches-sonnent-rue-meuris\/","title":{"rendered":"1894- Si je ne sais pas o\u00f9 je suis c&rsquo;est que tu dois savoir o\u00f9 tu es + La face cach\u00e9e quand les cloches sonnent rue Meuris"},"content":{"rendered":"","protected":false},"excerpt":{"rendered":"","protected":false},"featured_media":4073,"template":"","meta":[],"product_cat":[41],"product_tag":[],"class_list":["post-4072","product","type-product","status-publish","has-post-thumbnail","hentry","product_cat-non-classe"],"acf":[],"_links":{"self":[{"href":"https:\/\/www.galadrielgestin.com\/en\/wp-json\/wp\/v2\/product\/4072","targetHints":{"allow":["GET"]}}],"collection":[{"href":"https:\/\/www.galadrielgestin.com\/en\/wp-json\/wp\/v2\/product"}],"about":[{"href":"https:\/\/www.galadrielgestin.com\/en\/wp-json\/wp\/v2\/types\/product"}],"wp:featuredmedia":[{"embeddable":true,"href":"https:\/\/www.galadrielgestin.com\/en\/wp-json\/wp\/v2\/media\/4073"}],"wp:attachment":[{"href":"https:\/\/www.galadrielgestin.com\/en\/wp-json\/wp\/v2\/media?parent=4072"}],"wp:term":[{"taxonomy":"product_cat","embeddable":true,"href":"https:\/\/www.galadrielgestin.com\/en\/wp-json\/wp\/v2\/product_cat?post=4072"},{"taxonomy":"product_tag","embeddable":true,"href":"https:\/\/www.galadrielgestin.com\/en\/wp-json\/wp\/v2\/product_tag?post=4072"}],"curies":[{"name":"wp","href":"https:\/\/api.w.org\/{rel}","templated":true}]}}