{"id":4064,"date":"2023-03-11T01:50:03","date_gmt":"2023-03-11T00:50:03","guid":{"rendered":"http:\/\/www.galadrielgestin.com\/?post_type=product&#038;p=4064"},"modified":"2023-03-11T01:50:04","modified_gmt":"2023-03-11T00:50:04","slug":"1900-les-fleurs-du-jardin-de-lempire-des-sens-poesie-veut-dire-avoir-toujours-un-peu-de-sang-dans-la-bouche-et-toujours-un-peu-de-peinture-sur-soi-dore-dessin-sur-photo-de-bodypaintingmod","status":"publish","type":"product","link":"https:\/\/www.galadrielgestin.com\/en\/product\/1900-les-fleurs-du-jardin-de-lempire-des-sens-poesie-veut-dire-avoir-toujours-un-peu-de-sang-dans-la-bouche-et-toujours-un-peu-de-peinture-sur-soi-dore-dessin-sur-photo-de-bodypaintingmod\/","title":{"rendered":"1900 &#8211; Les fleurs du jardin de l&#8217;empire des sens + Po\u00e9sie veut dire avoir toujours un peu de sang dans la bouche et toujours un peu de peinture sur soi +&#8212;-dor\u00e9 (dessin sur photo de bodypainting(mod\u00e8le Yuna(acrylique sur papier"},"content":{"rendered":"","protected":false},"excerpt":{"rendered":"","protected":false},"featured_media":4065,"template":"","meta":[],"product_cat":[41],"product_tag":[],"class_list":["post-4064","product","type-product","status-publish","has-post-thumbnail","hentry","product_cat-non-classe"],"acf":[],"_links":{"self":[{"href":"https:\/\/www.galadrielgestin.com\/en\/wp-json\/wp\/v2\/product\/4064","targetHints":{"allow":["GET"]}}],"collection":[{"href":"https:\/\/www.galadrielgestin.com\/en\/wp-json\/wp\/v2\/product"}],"about":[{"href":"https:\/\/www.galadrielgestin.com\/en\/wp-json\/wp\/v2\/types\/product"}],"wp:featuredmedia":[{"embeddable":true,"href":"https:\/\/www.galadrielgestin.com\/en\/wp-json\/wp\/v2\/media\/4065"}],"wp:attachment":[{"href":"https:\/\/www.galadrielgestin.com\/en\/wp-json\/wp\/v2\/media?parent=4064"}],"wp:term":[{"taxonomy":"product_cat","embeddable":true,"href":"https:\/\/www.galadrielgestin.com\/en\/wp-json\/wp\/v2\/product_cat?post=4064"},{"taxonomy":"product_tag","embeddable":true,"href":"https:\/\/www.galadrielgestin.com\/en\/wp-json\/wp\/v2\/product_tag?post=4064"}],"curies":[{"name":"wp","href":"https:\/\/api.w.org\/{rel}","templated":true}]}}