{"id":4062,"date":"2023-03-11T01:28:00","date_gmt":"2023-03-11T00:28:00","guid":{"rendered":"http:\/\/www.galadrielgestin.com\/?post_type=product&#038;p=4062"},"modified":"2023-12-06T21:09:43","modified_gmt":"2023-12-06T20:09:43","slug":"1890-surprendre-le-coeur-sein-encore-fer-sang-blanc-de-pre-tendre-parce-que-les-amis-ne-gachent-pas-le-vin-quand-il-reste-des-mots-a-devorer-triptyque-en-5-combinaisons","status":"publish","type":"product","link":"https:\/\/www.galadrielgestin.com\/en\/product\/1890-surprendre-le-coeur-sein-encore-fer-sang-blanc-de-pre-tendre-parce-que-les-amis-ne-gachent-pas-le-vin-quand-il-reste-des-mots-a-devorer-triptyque-en-5-combinaisons\/","title":{"rendered":"1890-  Parce que les amis ne g\u00e2chent pas le vin quand il reste des mots \u00e0 d\u00e9vorer (triptyque en 5 combinaisons &#8211; taille totale 50x60cm)"},"content":{"rendered":"","protected":false},"excerpt":{"rendered":"","protected":false},"featured_media":4097,"template":"","meta":[],"product_cat":[41],"product_tag":[],"class_list":["post-4062","product","type-product","status-publish","has-post-thumbnail","hentry","product_cat-non-classe"],"acf":[],"_links":{"self":[{"href":"https:\/\/www.galadrielgestin.com\/en\/wp-json\/wp\/v2\/product\/4062","targetHints":{"allow":["GET"]}}],"collection":[{"href":"https:\/\/www.galadrielgestin.com\/en\/wp-json\/wp\/v2\/product"}],"about":[{"href":"https:\/\/www.galadrielgestin.com\/en\/wp-json\/wp\/v2\/types\/product"}],"wp:featuredmedia":[{"embeddable":true,"href":"https:\/\/www.galadrielgestin.com\/en\/wp-json\/wp\/v2\/media\/4097"}],"wp:attachment":[{"href":"https:\/\/www.galadrielgestin.com\/en\/wp-json\/wp\/v2\/media?parent=4062"}],"wp:term":[{"taxonomy":"product_cat","embeddable":true,"href":"https:\/\/www.galadrielgestin.com\/en\/wp-json\/wp\/v2\/product_cat?post=4062"},{"taxonomy":"product_tag","embeddable":true,"href":"https:\/\/www.galadrielgestin.com\/en\/wp-json\/wp\/v2\/product_tag?post=4062"}],"curies":[{"name":"wp","href":"https:\/\/api.w.org\/{rel}","templated":true}]}}