{"id":4058,"date":"2023-03-11T01:08:47","date_gmt":"2023-03-11T00:08:47","guid":{"rendered":"http:\/\/www.galadrielgestin.com\/?post_type=product&#038;p=4058"},"modified":"2023-03-11T01:08:48","modified_gmt":"2023-03-11T00:08:48","slug":"1877-reverence-et-flaveur-de-cafe","status":"publish","type":"product","link":"https:\/\/www.galadrielgestin.com\/en\/product\/1877-reverence-et-flaveur-de-cafe\/","title":{"rendered":"1877- R\u00e9v\u00e9rence et flaveur de caf\u00e9"},"content":{"rendered":"","protected":false},"excerpt":{"rendered":"","protected":false},"featured_media":4047,"template":"","meta":[],"product_cat":[41],"product_tag":[],"class_list":["post-4058","product","type-product","status-publish","has-post-thumbnail","hentry","product_cat-non-classe"],"acf":[],"_links":{"self":[{"href":"https:\/\/www.galadrielgestin.com\/en\/wp-json\/wp\/v2\/product\/4058","targetHints":{"allow":["GET"]}}],"collection":[{"href":"https:\/\/www.galadrielgestin.com\/en\/wp-json\/wp\/v2\/product"}],"about":[{"href":"https:\/\/www.galadrielgestin.com\/en\/wp-json\/wp\/v2\/types\/product"}],"wp:featuredmedia":[{"embeddable":true,"href":"https:\/\/www.galadrielgestin.com\/en\/wp-json\/wp\/v2\/media\/4047"}],"wp:attachment":[{"href":"https:\/\/www.galadrielgestin.com\/en\/wp-json\/wp\/v2\/media?parent=4058"}],"wp:term":[{"taxonomy":"product_cat","embeddable":true,"href":"https:\/\/www.galadrielgestin.com\/en\/wp-json\/wp\/v2\/product_cat?post=4058"},{"taxonomy":"product_tag","embeddable":true,"href":"https:\/\/www.galadrielgestin.com\/en\/wp-json\/wp\/v2\/product_tag?post=4058"}],"curies":[{"name":"wp","href":"https:\/\/api.w.org\/{rel}","templated":true}]}}