{"id":4050,"date":"2023-03-11T00:43:54","date_gmt":"2023-03-10T23:43:54","guid":{"rendered":"http:\/\/www.galadrielgestin.com\/?post_type=product&#038;p=4050"},"modified":"2023-03-11T00:43:55","modified_gmt":"2023-03-10T23:43:55","slug":"1871-la-neige-le-grenier-et-la-neige-encor-ces-larmes-ont-toujours-ete-un-peu-sucrees","status":"publish","type":"product","link":"https:\/\/www.galadrielgestin.com\/en\/product\/1871-la-neige-le-grenier-et-la-neige-encor-ces-larmes-ont-toujours-ete-un-peu-sucrees\/","title":{"rendered":"1871- La neige, le grenier et la neige encor + Ces larmes ont toujours \u00e9t\u00e9 un peu sucr\u00e9es"},"content":{"rendered":"","protected":false},"excerpt":{"rendered":"","protected":false},"featured_media":4040,"template":"","meta":[],"product_cat":[41],"product_tag":[],"class_list":["post-4050","product","type-product","status-publish","has-post-thumbnail","hentry","product_cat-non-classe"],"acf":[],"_links":{"self":[{"href":"https:\/\/www.galadrielgestin.com\/en\/wp-json\/wp\/v2\/product\/4050","targetHints":{"allow":["GET"]}}],"collection":[{"href":"https:\/\/www.galadrielgestin.com\/en\/wp-json\/wp\/v2\/product"}],"about":[{"href":"https:\/\/www.galadrielgestin.com\/en\/wp-json\/wp\/v2\/types\/product"}],"wp:featuredmedia":[{"embeddable":true,"href":"https:\/\/www.galadrielgestin.com\/en\/wp-json\/wp\/v2\/media\/4040"}],"wp:attachment":[{"href":"https:\/\/www.galadrielgestin.com\/en\/wp-json\/wp\/v2\/media?parent=4050"}],"wp:term":[{"taxonomy":"product_cat","embeddable":true,"href":"https:\/\/www.galadrielgestin.com\/en\/wp-json\/wp\/v2\/product_cat?post=4050"},{"taxonomy":"product_tag","embeddable":true,"href":"https:\/\/www.galadrielgestin.com\/en\/wp-json\/wp\/v2\/product_tag?post=4050"}],"curies":[{"name":"wp","href":"https:\/\/api.w.org\/{rel}","templated":true}]}}