{"id":4038,"date":"2023-03-11T00:41:35","date_gmt":"2023-03-10T23:41:35","guid":{"rendered":"http:\/\/www.galadrielgestin.com\/?post_type=product&#038;p=4038"},"modified":"2023-03-11T00:41:36","modified_gmt":"2023-03-10T23:41:36","slug":"1870-je-te-montrerai-ton-effroi-dans-une-poignee-de-poussiere-et-ta-quietude-profonde-avec-une-terre-entiere","status":"publish","type":"product","link":"https:\/\/www.galadrielgestin.com\/en\/product\/1870-je-te-montrerai-ton-effroi-dans-une-poignee-de-poussiere-et-ta-quietude-profonde-avec-une-terre-entiere\/","title":{"rendered":"1870- Je te montrerai ton effroi dans une poign\u00e9e de poussi\u00e8re et ta qui\u00e9tude profonde avec une terre enti\u00e8re"},"content":{"rendered":"","protected":false},"excerpt":{"rendered":"","protected":false},"featured_media":4039,"template":"","meta":[],"product_cat":[41],"product_tag":[],"class_list":["post-4038","product","type-product","status-publish","has-post-thumbnail","hentry","product_cat-non-classe"],"acf":[],"_links":{"self":[{"href":"https:\/\/www.galadrielgestin.com\/en\/wp-json\/wp\/v2\/product\/4038","targetHints":{"allow":["GET"]}}],"collection":[{"href":"https:\/\/www.galadrielgestin.com\/en\/wp-json\/wp\/v2\/product"}],"about":[{"href":"https:\/\/www.galadrielgestin.com\/en\/wp-json\/wp\/v2\/types\/product"}],"wp:featuredmedia":[{"embeddable":true,"href":"https:\/\/www.galadrielgestin.com\/en\/wp-json\/wp\/v2\/media\/4039"}],"wp:attachment":[{"href":"https:\/\/www.galadrielgestin.com\/en\/wp-json\/wp\/v2\/media?parent=4038"}],"wp:term":[{"taxonomy":"product_cat","embeddable":true,"href":"https:\/\/www.galadrielgestin.com\/en\/wp-json\/wp\/v2\/product_cat?post=4038"},{"taxonomy":"product_tag","embeddable":true,"href":"https:\/\/www.galadrielgestin.com\/en\/wp-json\/wp\/v2\/product_tag?post=4038"}],"curies":[{"name":"wp","href":"https:\/\/api.w.org\/{rel}","templated":true}]}}