{"id":4037,"date":"2023-03-11T00:35:44","date_gmt":"2023-03-10T23:35:44","guid":{"rendered":"http:\/\/www.galadrielgestin.com\/?post_type=product&#038;p=4037"},"modified":"2023-08-04T17:56:17","modified_gmt":"2023-08-04T15:56:17","slug":"1869-comme-leclosion-dune-fleur-dans-la-tete-barricade-ce-matin-je-me-suis-encore-reveille-dans-le-coffre-dune-limousine","status":"publish","type":"product","link":"https:\/\/www.galadrielgestin.com\/en\/product\/1869-comme-leclosion-dune-fleur-dans-la-tete-barricade-ce-matin-je-me-suis-encore-reveille-dans-le-coffre-dune-limousine\/","title":{"rendered":"1869- Comme l&rsquo;\u00e9closion d&rsquo;une fleur dans la t\u00eate + Barricade + Ce matin je me suis encore r\u00e9veill\u00e9 dans le coffre d&rsquo;une limousine"},"content":{"rendered":"","protected":false},"excerpt":{"rendered":"","protected":false},"featured_media":4094,"template":"","meta":[],"product_cat":[41],"product_tag":[],"class_list":["post-4037","product","type-product","status-publish","has-post-thumbnail","hentry","product_cat-non-classe"],"acf":[],"_links":{"self":[{"href":"https:\/\/www.galadrielgestin.com\/en\/wp-json\/wp\/v2\/product\/4037","targetHints":{"allow":["GET"]}}],"collection":[{"href":"https:\/\/www.galadrielgestin.com\/en\/wp-json\/wp\/v2\/product"}],"about":[{"href":"https:\/\/www.galadrielgestin.com\/en\/wp-json\/wp\/v2\/types\/product"}],"wp:featuredmedia":[{"embeddable":true,"href":"https:\/\/www.galadrielgestin.com\/en\/wp-json\/wp\/v2\/media\/4094"}],"wp:attachment":[{"href":"https:\/\/www.galadrielgestin.com\/en\/wp-json\/wp\/v2\/media?parent=4037"}],"wp:term":[{"taxonomy":"product_cat","embeddable":true,"href":"https:\/\/www.galadrielgestin.com\/en\/wp-json\/wp\/v2\/product_cat?post=4037"},{"taxonomy":"product_tag","embeddable":true,"href":"https:\/\/www.galadrielgestin.com\/en\/wp-json\/wp\/v2\/product_tag?post=4037"}],"curies":[{"name":"wp","href":"https:\/\/api.w.org\/{rel}","templated":true}]}}