{"id":4027,"date":"2023-03-11T00:03:31","date_gmt":"2023-03-10T23:03:31","guid":{"rendered":"http:\/\/www.galadrielgestin.com\/?post_type=product&#038;p=4027"},"modified":"2023-03-11T00:03:31","modified_gmt":"2023-03-10T23:03:31","slug":"1859-le-roi-de-coeur-jouer-la-comedie-le-mari-toxique-pendant-deux-heures-et-ne-plus-setonner-detre-plutot-doue","status":"publish","type":"product","link":"https:\/\/www.galadrielgestin.com\/en\/product\/1859-le-roi-de-coeur-jouer-la-comedie-le-mari-toxique-pendant-deux-heures-et-ne-plus-setonner-detre-plutot-doue\/","title":{"rendered":"1859- Le Roi de Coeur + Jouer la com\u00e9die, le mari toxique pendant deux heures et ne plus s&rsquo;\u00e9tonner d&rsquo;\u00eatre plut\u00f4t dou\u00e9"},"content":{"rendered":"","protected":false},"excerpt":{"rendered":"","protected":false},"featured_media":4008,"template":"","meta":[],"product_cat":[41],"product_tag":[],"class_list":["post-4027","product","type-product","status-publish","has-post-thumbnail","hentry","product_cat-non-classe"],"acf":[],"_links":{"self":[{"href":"https:\/\/www.galadrielgestin.com\/en\/wp-json\/wp\/v2\/product\/4027","targetHints":{"allow":["GET"]}}],"collection":[{"href":"https:\/\/www.galadrielgestin.com\/en\/wp-json\/wp\/v2\/product"}],"about":[{"href":"https:\/\/www.galadrielgestin.com\/en\/wp-json\/wp\/v2\/types\/product"}],"wp:featuredmedia":[{"embeddable":true,"href":"https:\/\/www.galadrielgestin.com\/en\/wp-json\/wp\/v2\/media\/4008"}],"wp:attachment":[{"href":"https:\/\/www.galadrielgestin.com\/en\/wp-json\/wp\/v2\/media?parent=4027"}],"wp:term":[{"taxonomy":"product_cat","embeddable":true,"href":"https:\/\/www.galadrielgestin.com\/en\/wp-json\/wp\/v2\/product_cat?post=4027"},{"taxonomy":"product_tag","embeddable":true,"href":"https:\/\/www.galadrielgestin.com\/en\/wp-json\/wp\/v2\/product_tag?post=4027"}],"curies":[{"name":"wp","href":"https:\/\/api.w.org\/{rel}","templated":true}]}}