{"id":3998,"date":"2023-03-10T23:26:06","date_gmt":"2023-03-10T22:26:06","guid":{"rendered":"http:\/\/www.galadrielgestin.com\/?post_type=product&#038;p=3998"},"modified":"2023-08-04T17:58:17","modified_gmt":"2023-08-04T15:58:17","slug":"1846-a-chaque-baiser-un-hematome-je-suis-le-plus-beau-bordel-que-tu-ne-verras-jamais-modele-stephanie-et-cecilia-emma-mara-acrylique-et-crayon-sur-papier-315cm-24-cm-jpg","status":"publish","type":"product","link":"https:\/\/www.galadrielgestin.com\/en\/product\/1846-a-chaque-baiser-un-hematome-je-suis-le-plus-beau-bordel-que-tu-ne-verras-jamais-modele-stephanie-et-cecilia-emma-mara-acrylique-et-crayon-sur-papier-315cm-24-cm-jpg\/","title":{"rendered":"1846- \u00c0 chaque baiser un h\u00e9matome + Je suis le plus beau bordel que tu ne verras jamais (mod\u00e8le St\u00e9phanie et C\u00e9cilia Emma Mara (acrylique et crayon sur papier (31,5cm.24 cm))).jpg"},"content":{"rendered":"","protected":false},"excerpt":{"rendered":"","protected":false},"featured_media":4095,"template":"","meta":[],"product_cat":[41],"product_tag":[],"class_list":["post-3998","product","type-product","status-publish","has-post-thumbnail","hentry","product_cat-non-classe"],"acf":[],"_links":{"self":[{"href":"https:\/\/www.galadrielgestin.com\/en\/wp-json\/wp\/v2\/product\/3998","targetHints":{"allow":["GET"]}}],"collection":[{"href":"https:\/\/www.galadrielgestin.com\/en\/wp-json\/wp\/v2\/product"}],"about":[{"href":"https:\/\/www.galadrielgestin.com\/en\/wp-json\/wp\/v2\/types\/product"}],"wp:featuredmedia":[{"embeddable":true,"href":"https:\/\/www.galadrielgestin.com\/en\/wp-json\/wp\/v2\/media\/4095"}],"wp:attachment":[{"href":"https:\/\/www.galadrielgestin.com\/en\/wp-json\/wp\/v2\/media?parent=3998"}],"wp:term":[{"taxonomy":"product_cat","embeddable":true,"href":"https:\/\/www.galadrielgestin.com\/en\/wp-json\/wp\/v2\/product_cat?post=3998"},{"taxonomy":"product_tag","embeddable":true,"href":"https:\/\/www.galadrielgestin.com\/en\/wp-json\/wp\/v2\/product_tag?post=3998"}],"curies":[{"name":"wp","href":"https:\/\/api.w.org\/{rel}","templated":true}]}}