{"id":3992,"date":"2023-03-10T23:00:43","date_gmt":"2023-03-10T22:00:43","guid":{"rendered":"http:\/\/www.galadrielgestin.com\/?post_type=product&#038;p=3992"},"modified":"2023-03-10T23:00:45","modified_gmt":"2023-03-10T22:00:45","slug":"1840-le-jour-ou-je-tai-vu-traverser-la-rue-ceci-nest-plus-une-ville-ceci-est-mon-coeur-voix-1-attends-je-capte-pas-ca-sest-deja-produit-ou-ca-va-arri","status":"publish","type":"product","link":"https:\/\/www.galadrielgestin.com\/en\/product\/1840-le-jour-ou-je-tai-vu-traverser-la-rue-ceci-nest-plus-une-ville-ceci-est-mon-coeur-voix-1-attends-je-capte-pas-ca-sest-deja-produit-ou-ca-va-arri\/","title":{"rendered":"1840- Le jour o\u00f9 je t\u2019ai vu traverser la rue + Ceci n\u2019est plus une ville, ceci est mon coeur + Voix 1  \u00ab  attends je capte pas\u2026 \u00e7a s\u2019est d\u00e9j\u00e0 produit ou \u00e7a va arriver  \u00bb.jpg"},"content":{"rendered":"","protected":false},"excerpt":{"rendered":"","protected":false},"featured_media":3983,"template":"","meta":[],"product_cat":[41],"product_tag":[],"class_list":["post-3992","product","type-product","status-publish","has-post-thumbnail","hentry","product_cat-non-classe"],"acf":[],"_links":{"self":[{"href":"https:\/\/www.galadrielgestin.com\/en\/wp-json\/wp\/v2\/product\/3992","targetHints":{"allow":["GET"]}}],"collection":[{"href":"https:\/\/www.galadrielgestin.com\/en\/wp-json\/wp\/v2\/product"}],"about":[{"href":"https:\/\/www.galadrielgestin.com\/en\/wp-json\/wp\/v2\/types\/product"}],"wp:featuredmedia":[{"embeddable":true,"href":"https:\/\/www.galadrielgestin.com\/en\/wp-json\/wp\/v2\/media\/3983"}],"wp:attachment":[{"href":"https:\/\/www.galadrielgestin.com\/en\/wp-json\/wp\/v2\/media?parent=3992"}],"wp:term":[{"taxonomy":"product_cat","embeddable":true,"href":"https:\/\/www.galadrielgestin.com\/en\/wp-json\/wp\/v2\/product_cat?post=3992"},{"taxonomy":"product_tag","embeddable":true,"href":"https:\/\/www.galadrielgestin.com\/en\/wp-json\/wp\/v2\/product_tag?post=3992"}],"curies":[{"name":"wp","href":"https:\/\/api.w.org\/{rel}","templated":true}]}}