{"id":3982,"date":"2023-03-10T22:54:18","date_gmt":"2023-03-10T21:54:18","guid":{"rendered":"http:\/\/www.galadrielgestin.com\/?post_type=product&#038;p=3982"},"modified":"2023-03-10T22:54:19","modified_gmt":"2023-03-10T21:54:19","slug":"1839-la-muse-du-bon-cote-de-la-lumiere-merci-pour-le-soleil","status":"publish","type":"product","link":"https:\/\/www.galadrielgestin.com\/en\/product\/1839-la-muse-du-bon-cote-de-la-lumiere-merci-pour-le-soleil\/","title":{"rendered":"1839- La muse du bon c\u00f4t\u00e9 de la lumi\u00e8re + \u00ab Merci pour le soleil \u00bb"},"content":{"rendered":"","protected":false},"excerpt":{"rendered":"","protected":false},"featured_media":3973,"template":"","meta":[],"product_cat":[41],"product_tag":[],"class_list":["post-3982","product","type-product","status-publish","has-post-thumbnail","hentry","product_cat-non-classe"],"acf":[],"_links":{"self":[{"href":"https:\/\/www.galadrielgestin.com\/en\/wp-json\/wp\/v2\/product\/3982","targetHints":{"allow":["GET"]}}],"collection":[{"href":"https:\/\/www.galadrielgestin.com\/en\/wp-json\/wp\/v2\/product"}],"about":[{"href":"https:\/\/www.galadrielgestin.com\/en\/wp-json\/wp\/v2\/types\/product"}],"wp:featuredmedia":[{"embeddable":true,"href":"https:\/\/www.galadrielgestin.com\/en\/wp-json\/wp\/v2\/media\/3973"}],"wp:attachment":[{"href":"https:\/\/www.galadrielgestin.com\/en\/wp-json\/wp\/v2\/media?parent=3982"}],"wp:term":[{"taxonomy":"product_cat","embeddable":true,"href":"https:\/\/www.galadrielgestin.com\/en\/wp-json\/wp\/v2\/product_cat?post=3982"},{"taxonomy":"product_tag","embeddable":true,"href":"https:\/\/www.galadrielgestin.com\/en\/wp-json\/wp\/v2\/product_tag?post=3982"}],"curies":[{"name":"wp","href":"https:\/\/api.w.org\/{rel}","templated":true}]}}