{"id":3981,"date":"2023-03-10T22:48:23","date_gmt":"2023-03-10T21:48:23","guid":{"rendered":"http:\/\/www.galadrielgestin.com\/?post_type=product&#038;p=3981"},"modified":"2023-03-10T22:48:23","modified_gmt":"2023-03-10T21:48:23","slug":"1838-eg-halla-thig-a-i-ro-coeur-electrique","status":"publish","type":"product","link":"https:\/\/www.galadrielgestin.com\/en\/product\/1838-eg-halla-thig-a-i-ro-coeur-electrique\/","title":{"rendered":"1838- \u00c9g halla \u00feig \u00e1, \u00ed r\u00f3 + Coeur \u00e9lectrique"},"content":{"rendered":"","protected":false},"excerpt":{"rendered":"","protected":false},"featured_media":3972,"template":"","meta":[],"product_cat":[41],"product_tag":[],"class_list":["post-3981","product","type-product","status-publish","has-post-thumbnail","hentry","product_cat-non-classe"],"acf":[],"_links":{"self":[{"href":"https:\/\/www.galadrielgestin.com\/en\/wp-json\/wp\/v2\/product\/3981","targetHints":{"allow":["GET"]}}],"collection":[{"href":"https:\/\/www.galadrielgestin.com\/en\/wp-json\/wp\/v2\/product"}],"about":[{"href":"https:\/\/www.galadrielgestin.com\/en\/wp-json\/wp\/v2\/types\/product"}],"wp:featuredmedia":[{"embeddable":true,"href":"https:\/\/www.galadrielgestin.com\/en\/wp-json\/wp\/v2\/media\/3972"}],"wp:attachment":[{"href":"https:\/\/www.galadrielgestin.com\/en\/wp-json\/wp\/v2\/media?parent=3981"}],"wp:term":[{"taxonomy":"product_cat","embeddable":true,"href":"https:\/\/www.galadrielgestin.com\/en\/wp-json\/wp\/v2\/product_cat?post=3981"},{"taxonomy":"product_tag","embeddable":true,"href":"https:\/\/www.galadrielgestin.com\/en\/wp-json\/wp\/v2\/product_tag?post=3981"}],"curies":[{"name":"wp","href":"https:\/\/api.w.org\/{rel}","templated":true}]}}