{"id":3871,"date":"2023-01-19T16:38:14","date_gmt":"2023-01-19T15:38:14","guid":{"rendered":"http:\/\/www.galadrielgestin.com\/?post_type=product&#038;p=3871"},"modified":"2023-01-19T16:38:15","modified_gmt":"2023-01-19T15:38:15","slug":"1780-dansant-sur-un-son-venu-de-derriere-mes-paupieres-peut-etre-du-trip-hopmais-quelle-vague-acrylique-sur-papier-35-x-26-5-cm","status":"publish","type":"product","link":"https:\/\/www.galadrielgestin.com\/en\/product\/1780-dansant-sur-un-son-venu-de-derriere-mes-paupieres-peut-etre-du-trip-hopmais-quelle-vague-acrylique-sur-papier-35-x-26-5-cm\/","title":{"rendered":"1780- Dansant sur un son venu de derri\u00e8re mes paupi\u00e8res, peut-\u00eatre du trip hop+Mais quelle vague! (acrylique sur papier 35 x 26.5 cm)"},"content":{"rendered":"","protected":false},"excerpt":{"rendered":"","protected":false},"featured_media":3858,"template":"","meta":[],"product_cat":[41],"product_tag":[],"class_list":["post-3871","product","type-product","status-publish","has-post-thumbnail","hentry","product_cat-non-classe"],"acf":[],"_links":{"self":[{"href":"https:\/\/www.galadrielgestin.com\/en\/wp-json\/wp\/v2\/product\/3871","targetHints":{"allow":["GET"]}}],"collection":[{"href":"https:\/\/www.galadrielgestin.com\/en\/wp-json\/wp\/v2\/product"}],"about":[{"href":"https:\/\/www.galadrielgestin.com\/en\/wp-json\/wp\/v2\/types\/product"}],"wp:featuredmedia":[{"embeddable":true,"href":"https:\/\/www.galadrielgestin.com\/en\/wp-json\/wp\/v2\/media\/3858"}],"wp:attachment":[{"href":"https:\/\/www.galadrielgestin.com\/en\/wp-json\/wp\/v2\/media?parent=3871"}],"wp:term":[{"taxonomy":"product_cat","embeddable":true,"href":"https:\/\/www.galadrielgestin.com\/en\/wp-json\/wp\/v2\/product_cat?post=3871"},{"taxonomy":"product_tag","embeddable":true,"href":"https:\/\/www.galadrielgestin.com\/en\/wp-json\/wp\/v2\/product_tag?post=3871"}],"curies":[{"name":"wp","href":"https:\/\/api.w.org\/{rel}","templated":true}]}}