{"id":3840,"date":"2023-01-18T08:26:44","date_gmt":"2023-01-18T07:26:44","guid":{"rendered":"http:\/\/www.galadrielgestin.com\/?post_type=product&#038;p=3840"},"modified":"2023-01-18T08:26:46","modified_gmt":"2023-01-18T07:26:46","slug":"1762-hommage-a-p-p-je-commence-la-ou-tu-finis-acrylique-sur-papier-297cm-21cm","status":"publish","type":"product","link":"https:\/\/www.galadrielgestin.com\/en\/product\/1762-hommage-a-p-p-je-commence-la-ou-tu-finis-acrylique-sur-papier-297cm-21cm\/","title":{"rendered":"1762- Hommage \u00e0 P.P+ Je commence l\u00e0 o\u00f9 tu finis (acrylique sur papier &#8211; 29,7cm.21cm)"},"content":{"rendered":"","protected":false},"excerpt":{"rendered":"","protected":false},"featured_media":3827,"template":"","meta":[],"product_cat":[41],"product_tag":[],"class_list":["post-3840","product","type-product","status-publish","has-post-thumbnail","hentry","product_cat-non-classe"],"acf":[],"_links":{"self":[{"href":"https:\/\/www.galadrielgestin.com\/en\/wp-json\/wp\/v2\/product\/3840","targetHints":{"allow":["GET"]}}],"collection":[{"href":"https:\/\/www.galadrielgestin.com\/en\/wp-json\/wp\/v2\/product"}],"about":[{"href":"https:\/\/www.galadrielgestin.com\/en\/wp-json\/wp\/v2\/types\/product"}],"wp:featuredmedia":[{"embeddable":true,"href":"https:\/\/www.galadrielgestin.com\/en\/wp-json\/wp\/v2\/media\/3827"}],"wp:attachment":[{"href":"https:\/\/www.galadrielgestin.com\/en\/wp-json\/wp\/v2\/media?parent=3840"}],"wp:term":[{"taxonomy":"product_cat","embeddable":true,"href":"https:\/\/www.galadrielgestin.com\/en\/wp-json\/wp\/v2\/product_cat?post=3840"},{"taxonomy":"product_tag","embeddable":true,"href":"https:\/\/www.galadrielgestin.com\/en\/wp-json\/wp\/v2\/product_tag?post=3840"}],"curies":[{"name":"wp","href":"https:\/\/api.w.org\/{rel}","templated":true}]}}