{"id":3815,"date":"2023-01-18T02:45:24","date_gmt":"2023-01-18T01:45:24","guid":{"rendered":"http:\/\/www.galadrielgestin.com\/?post_type=product&#038;p=3815"},"modified":"2023-01-18T02:45:25","modified_gmt":"2023-01-18T01:45:25","slug":"1755-linterieur-du-demon-le-demon-interieur-acrylique-sur-papier-287cm-21cm","status":"publish","type":"product","link":"https:\/\/www.galadrielgestin.com\/en\/product\/1755-linterieur-du-demon-le-demon-interieur-acrylique-sur-papier-287cm-21cm\/","title":{"rendered":"1755- l\u2019int\u00e9rieur du d\u00e9mon, le d\u00e9mon int\u00e9rieur (acrylique sur papier -28,7cm.21cm)"},"content":{"rendered":"","protected":false},"excerpt":{"rendered":"","protected":false},"featured_media":3810,"template":"","meta":[],"product_cat":[41],"product_tag":[],"class_list":["post-3815","product","type-product","status-publish","has-post-thumbnail","hentry","product_cat-non-classe"],"acf":[],"_links":{"self":[{"href":"https:\/\/www.galadrielgestin.com\/en\/wp-json\/wp\/v2\/product\/3815","targetHints":{"allow":["GET"]}}],"collection":[{"href":"https:\/\/www.galadrielgestin.com\/en\/wp-json\/wp\/v2\/product"}],"about":[{"href":"https:\/\/www.galadrielgestin.com\/en\/wp-json\/wp\/v2\/types\/product"}],"wp:featuredmedia":[{"embeddable":true,"href":"https:\/\/www.galadrielgestin.com\/en\/wp-json\/wp\/v2\/media\/3810"}],"wp:attachment":[{"href":"https:\/\/www.galadrielgestin.com\/en\/wp-json\/wp\/v2\/media?parent=3815"}],"wp:term":[{"taxonomy":"product_cat","embeddable":true,"href":"https:\/\/www.galadrielgestin.com\/en\/wp-json\/wp\/v2\/product_cat?post=3815"},{"taxonomy":"product_tag","embeddable":true,"href":"https:\/\/www.galadrielgestin.com\/en\/wp-json\/wp\/v2\/product_tag?post=3815"}],"curies":[{"name":"wp","href":"https:\/\/api.w.org\/{rel}","templated":true}]}}