{"id":3757,"date":"2022-06-21T21:30:37","date_gmt":"2022-06-21T19:30:37","guid":{"rendered":"http:\/\/www.galadrielgestin.com\/?post_type=product&#038;p=3757"},"modified":"2022-06-21T21:30:38","modified_gmt":"2022-06-21T19:30:38","slug":"1734-entre-deux-couches-dair-a-un-certain-degre-de-fidelite-a-realite-elle-sepanouit","status":"publish","type":"product","link":"https:\/\/www.galadrielgestin.com\/en\/product\/1734-entre-deux-couches-dair-a-un-certain-degre-de-fidelite-a-realite-elle-sepanouit\/","title":{"rendered":"1734-Entre deux couches d&rsquo;air \u00e0 un certain degr\u00e9 de fid\u00e9lit\u00e9 \u00e0 r\u00e9alit\u00e9 elle s&rsquo;\u00e9panouit"},"content":{"rendered":"","protected":false},"excerpt":{"rendered":"","protected":false},"featured_media":3739,"template":"","meta":[],"product_cat":[41],"product_tag":[],"class_list":["post-3757","product","type-product","status-publish","has-post-thumbnail","hentry","product_cat-non-classe"],"acf":[],"_links":{"self":[{"href":"https:\/\/www.galadrielgestin.com\/en\/wp-json\/wp\/v2\/product\/3757","targetHints":{"allow":["GET"]}}],"collection":[{"href":"https:\/\/www.galadrielgestin.com\/en\/wp-json\/wp\/v2\/product"}],"about":[{"href":"https:\/\/www.galadrielgestin.com\/en\/wp-json\/wp\/v2\/types\/product"}],"wp:featuredmedia":[{"embeddable":true,"href":"https:\/\/www.galadrielgestin.com\/en\/wp-json\/wp\/v2\/media\/3739"}],"wp:attachment":[{"href":"https:\/\/www.galadrielgestin.com\/en\/wp-json\/wp\/v2\/media?parent=3757"}],"wp:term":[{"taxonomy":"product_cat","embeddable":true,"href":"https:\/\/www.galadrielgestin.com\/en\/wp-json\/wp\/v2\/product_cat?post=3757"},{"taxonomy":"product_tag","embeddable":true,"href":"https:\/\/www.galadrielgestin.com\/en\/wp-json\/wp\/v2\/product_tag?post=3757"}],"curies":[{"name":"wp","href":"https:\/\/api.w.org\/{rel}","templated":true}]}}