{"id":3735,"date":"2022-06-21T19:39:11","date_gmt":"2022-06-21T17:39:11","guid":{"rendered":"http:\/\/www.galadrielgestin.com\/?post_type=product&#038;p=3735"},"modified":"2022-06-21T19:39:12","modified_gmt":"2022-06-21T17:39:12","slug":"1721-la-femme-qui-netait-pas-vraiment-la-et-la-femme-qui-etait-vraiment-la","status":"publish","type":"product","link":"https:\/\/www.galadrielgestin.com\/en\/product\/1721-la-femme-qui-netait-pas-vraiment-la-et-la-femme-qui-etait-vraiment-la\/","title":{"rendered":"1721-La femme qui n&rsquo;\u00e9tait pas vraiment l\u00e0 et la femme qui \u00e9tait vraiment l\u00e0"},"content":{"rendered":"","protected":false},"excerpt":{"rendered":"","protected":false},"featured_media":3722,"template":"","meta":[],"product_cat":[41],"product_tag":[],"class_list":["post-3735","product","type-product","status-publish","has-post-thumbnail","hentry","product_cat-non-classe"],"acf":[],"_links":{"self":[{"href":"https:\/\/www.galadrielgestin.com\/en\/wp-json\/wp\/v2\/product\/3735","targetHints":{"allow":["GET"]}}],"collection":[{"href":"https:\/\/www.galadrielgestin.com\/en\/wp-json\/wp\/v2\/product"}],"about":[{"href":"https:\/\/www.galadrielgestin.com\/en\/wp-json\/wp\/v2\/types\/product"}],"wp:featuredmedia":[{"embeddable":true,"href":"https:\/\/www.galadrielgestin.com\/en\/wp-json\/wp\/v2\/media\/3722"}],"wp:attachment":[{"href":"https:\/\/www.galadrielgestin.com\/en\/wp-json\/wp\/v2\/media?parent=3735"}],"wp:term":[{"taxonomy":"product_cat","embeddable":true,"href":"https:\/\/www.galadrielgestin.com\/en\/wp-json\/wp\/v2\/product_cat?post=3735"},{"taxonomy":"product_tag","embeddable":true,"href":"https:\/\/www.galadrielgestin.com\/en\/wp-json\/wp\/v2\/product_tag?post=3735"}],"curies":[{"name":"wp","href":"https:\/\/api.w.org\/{rel}","templated":true}]}}